{"id":9169,"date":"2014-04-19T02:52:06","date_gmt":"2014-04-19T02:52:06","guid":{"rendered":"http:\/\/www.lacugulada.com\/entorn\/"},"modified":"2023-03-08T07:56:35","modified_gmt":"2023-03-08T07:56:35","slug":"surroundings","status":"publish","type":"page","link":"https:\/\/www.lacugulada.com\/en\/surroundings\/","title":{"rendered":"Surroundings"},"content":{"rendered":"<p>[vc_row][vc_column][pbr_title_heading title=&#8221;Surroundings&#8221; subtitle2=&#8221;Discover our amazing surroundings, and everything you can do!&#8221;][\/vc_column][\/vc_row][vc_row css=&#8221;.vc_custom_1517371920451{padding-bottom: 50px !important;background-position: 0 0 !important;background-repeat: no-repeat !important;}&#8221;][vc_column css=&#8221;.vc_custom_1517372472105{margin-bottom: 30px !important;}&#8221; offset=&#8221;vc_col-lg-8 vc_col-md-12&#8243; el_class=&#8221;padding-right-100&#8243;][vc_column_text]<\/p>\n<p style=\"font-size: 18px; margin-bottom: 25px; text-align: justify;\">Llu\u00e7an\u00e8s is a region between Osona, Bergued\u00e0 and Bages. Its privileged situation, far from the big cities, helped to preserve its interior Catalonian spirit. From Llu\u00e7an\u00e8s we can admire the mountains of Montserrat, Pedraforca, Montseny, Cad\u00ed and Pirineus.<br \/>\nThe industrialization footprint in Llu\u00e7an\u00e8s is low, not like the surrounding regions. The touch with nature, the traditional ways and the respect for the surroundings have become the identity mark of Llu\u00e7an\u00e8s.<br \/>\nIs around this where the rural house La Cugulada is situated.<\/p>\n<p style=\"font-size: 18px; margin-bottom: 25px; text-align: justify;\">From La Cugulada we offer you this places to enjoy all that Llu\u00e7an\u00e8s can give.<\/p>\n<p>[\/vc_column_text][\/vc_column][vc_column offset=&#8221;vc_col-lg-4 vc_col-md-12&#8243; css=&#8221;.vc_custom_1517371949710{margin-bottom: 30px !important;}&#8221;][vc_progress_bar values=&#8221;%5B%7B%22label%22%3A%22Routes%22%2C%22value%22%3A%2290%22%7D%2C%7B%22label%22%3A%22%20Churches%22%2C%22value%22%3A%2280%22%7D%2C%7B%22label%22%3A%22%20Gastronomy%22%2C%22value%22%3A%2270%22%7D%5D&#8221; bgcolor=&#8221;custom&#8221; options=&#8221;striped,animated&#8221; custombgcolor=&#8221;#f1c40f&#8221; customtxtcolor=&#8221;#8c8c8c&#8221;][\/vc_column][\/vc_row][vc_row full_width=&#8221;stretch_row_content_no_spaces&#8221;][vc_column width=&#8221;1\/3&#8243;][vc_column_text]<\/p>\n<h5 style=\"text-align: center;\">EL ROC FORADAT A PRATS DE LLU\u00c7AN\u00c8S<\/h5>\n<p>[\/vc_column_text][vc_gallery type=&#8221;nivo&#8221; interval=&#8221;0&#8243; images=&#8221;8294,8678&#8243; img_size=&#8221;400X200&#8243;][vc_btn title=&#8221;+ Info&#8221; color=&#8221;inverse&#8221; align=&#8221;center&#8221; link=&#8221;url:https%3A%2F%2Fpratsdellucanes.cat%2Fturisme%2Fsenders-locals%2Froc-foradat%2F||target:%20_blank|&#8221;][\/vc_column][vc_column width=&#8221;1\/3&#8243;][vc_column_text]<\/p>\n<h5 style=\"text-align: center;\">LA RUTA DEL CASTELL DE LLU\u00c7\u00c0<\/h5>\n<p>[\/vc_column_text][vc_gallery type=&#8221;nivo&#8221; interval=&#8221;0&#8243; images=&#8221;8680,8295,8681&#8243; img_size=&#8221;400X200&#8243;][vc_btn title=&#8221;+ Info&#8221; color=&#8221;inverse&#8221; align=&#8221;center&#8221; link=&#8221;url:http%3A%2F%2Fpereroger.eu%2Frutes-2%2Fmiradors-de-la-comarca%2Fel-castell-de-lluca%2F||target:%20_blank|&#8221;][\/vc_column][vc_column width=&#8221;1\/3&#8243;][vc_column_text]<\/p>\n<h5 style=\"text-align: center;\">RIERA DE MERL\u00c8S<\/h5>\n<p>[\/vc_column_text][vc_gallery type=&#8221;nivo&#8221; interval=&#8221;0&#8243; images=&#8221;8649,8648,8647,8646,8644,8643,8642&#8243; img_size=&#8221;400X200&#8243;][vc_btn title=&#8221;+ Info&#8221; color=&#8221;inverse&#8221; align=&#8221;center&#8221; link=&#8221;url:http%3A%2F%2Fsantamariademerles.cat%2F||target:%20_blank|&#8221;][\/vc_column][\/vc_row][vc_row][vc_column][vc_empty_space][\/vc_column][\/vc_row][vc_row full_width=&#8221;stretch_row_content_no_spaces&#8221;][vc_column width=&#8221;1\/3&#8243;][vc_column_text]<\/p>\n<h5 style=\"text-align: center;\">LA RUTA DEL PANT\u00c0 DE GARET<\/h5>\n<p>[\/vc_column_text][vc_gallery type=&#8221;nivo&#8221; interval=&#8221;0&#8243; images=&#8221;8682,8296&#8243; img_size=&#8221;400X200&#8243;][\/vc_column][vc_column width=&#8221;1\/3&#8243;][vc_column_text]<\/p>\n<h5 style=\"text-align: center;\">DISSABTES DE MERCAT A VIC<\/h5>\n<p>[\/vc_column_text][vc_gallery type=&#8221;nivo&#8221; interval=&#8221;0&#8243; images=&#8221;8292&#8243; img_size=&#8221;400X200&#8243;][vc_btn title=&#8221;+ Info&#8221; color=&#8221;inverse&#8221; align=&#8221;center&#8221; link=&#8221;url:https%3A%2F%2Fwww.vic.cat%2F||target:%20_blank|&#8221;][\/vc_column][vc_column width=&#8221;1\/3&#8243;][vc_column_text]<\/p>\n<h5 style=\"text-align: center;\">LA RUTA DEL ROM\u00c0NIC AL LLU\u00c7AN\u00c8S<\/h5>\n<p>[\/vc_column_text][vc_gallery type=&#8221;nivo&#8221; interval=&#8221;0&#8243; images=&#8221;8293&#8243; img_size=&#8221;400X200&#8243;][vc_btn title=&#8221;+ Info&#8221; color=&#8221;inverse&#8221; align=&#8221;center&#8221; link=&#8221;url:http%3A%2F%2Fpereroger.eu%2Frutes-2%2Fruta-del-romanic-del-llucanes%2F||target:%20_blank|&#8221;][\/vc_column][\/vc_row][vc_row][vc_column][vc_empty_space][\/vc_column][\/vc_row][vc_row full_width=&#8221;stretch_row_content_no_spaces&#8221;][vc_column width=&#8221;1\/3&#8243;][vc_column_text]<\/p>\n<h5 style=\"text-align: center;\">LOURDES A PRATS DE LLU\u00c7AN\u00c8S<\/h5>\n<p>[\/vc_column_text][vc_gallery type=&#8221;nivo&#8221; interval=&#8221;0&#8243; images=&#8221;8677&#8243; img_size=&#8221;400X200&#8243;][vc_btn title=&#8221;+ Info&#8221; color=&#8221;inverse&#8221; align=&#8221;center&#8221; link=&#8221;url:https%3A%2F%2Fpratsdellucanes.cat%2Fturisme%2Fsenders-locals%2Fsantuari-de-lurdes%2F||target:%20_blank|&#8221;][\/vc_column][vc_column width=&#8221;1\/3&#8243;][vc_column_text]<\/p>\n<h5 style=\"text-align: center;\">MASIA CAMADOCA<\/h5>\n<p>[\/vc_column_text][vc_gallery type=&#8221;nivo&#8221; interval=&#8221;0&#8243; images=&#8221;8651&#8243; img_size=&#8221;400X200&#8243;][vc_btn title=&#8221;+ Info&#8221; color=&#8221;inverse&#8221; align=&#8221;center&#8221; link=&#8221;url:http%3A%2F%2Fwww.adeffa.cat%2F||target:%20_blank|&#8221;][\/vc_column][vc_column width=&#8221;1\/3&#8243;][vc_column_text]<\/p>\n<h5 style=\"text-align: center;\">EL SOLER DE N&#8217;HUG<\/h5>\n<p>[\/vc_column_text][vc_gallery type=&#8221;nivo&#8221; interval=&#8221;0&#8243; images=&#8221;9943,9947,9951,9935,9939,9955&#8243; img_size=&#8221;400X200&#8243;][vc_btn title=&#8221;+ Info&#8221; color=&#8221;inverse&#8221; align=&#8221;center&#8221; link=&#8221;url:http%3A%2F%2Felsoler.cat%2F||target:%20_blank|&#8221;][\/vc_column][\/vc_row][vc_row][vc_column][vc_empty_space][\/vc_column][\/vc_row][vc_row full_width=&#8221;stretch_row_content_no_spaces&#8221;][vc_column width=&#8221;1\/3&#8243;][vc_column_text]<\/p>\n<h5 style=\"text-align: center;\">MAS GURUMBAU &#8211; GOLF | PITCH &amp; PUTT<\/h5>\n<p>[\/vc_column_text][vc_gallery type=&#8221;nivo&#8221; interval=&#8221;0&#8243; images=&#8221;9738&#8243; img_size=&#8221;400X200&#8243;][vc_btn title=&#8221;Catalogue&#8221; color=&#8221;inverse&#8221; align=&#8221;center&#8221; link=&#8221;url:http%3A%2F%2Fwww.lacugulada.com%2Fwp-content%2Fuploads%2F2023%2F02%2FIDIOMES-GURUMBAU.pdf||target:%20_blank|&#8221;][\/vc_column][vc_column width=&#8221;1\/3&#8243;][vc_column_text]<\/p>\n<h5 style=\"text-align: center;\">M\u00d3N SANT BENET<\/h5>\n<p>[\/vc_column_text][vc_gallery type=&#8221;nivo&#8221; interval=&#8221;0&#8243; images=&#8221;9746,9750,9754&#8243; img_size=&#8221;400X200&#8243;][vc_btn title=&#8221;Web&#8221; color=&#8221;inverse&#8221; align=&#8221;center&#8221; link=&#8221;url:https%3A%2F%2Fmonstbenet.com%2Fen%2F||target:%20_blank|&#8221;][\/vc_column][vc_column width=&#8221;1\/3&#8243;][vc_column_text]<\/p>\n<h5 style=\"text-align: center;\">ABADAL<\/h5>\n<p>[\/vc_column_text][vc_gallery type=&#8221;nivo&#8221; interval=&#8221;0&#8243; images=&#8221;9762,9766,9770,9774&#8243; img_size=&#8221;400X200&#8243;][vc_btn title=&#8221;Catalogue&#8221; color=&#8221;inverse&#8221; align=&#8221;center&#8221; link=&#8221;url:http%3A%2F%2Fwww.lacugulada.com%2Fwp-content%2Fuploads%2F2023%2F02%2FCat%C3%A0leg-enoturisme-Abadal.pdf||target:%20_blank|&#8221;][vc_btn title=&#8221;Web&#8221; color=&#8221;inverse&#8221; align=&#8221;center&#8221; link=&#8221;url:https%3A%2F%2Fabadal.net%2Fwine-tourism%2F||target:%20_blank|&#8221;][\/vc_column][\/vc_row]<\/p>\n","protected":false},"excerpt":{"rendered":"<p>[vc_row][vc_column][pbr_title_heading title=&#8221;Surroundings&#8221; subtitle2=&#8221;Discover our amazing surroundings, and everything you can do!&#8221;][\/vc_column][\/vc_row][vc_row css=&#8221;.vc_custom_1517371920451{padding-bottom: 50px !important;background-position: 0 0 !important;background-repeat: no-repeat !important;}&#8221;][vc_column css=&#8221;.vc_custom_1517372472105{margin-bottom: 30px !important;}&#8221; offset=&#8221;vc_col-lg-8 vc_col-md-12&#8243; el_class=&#8221;padding-right-100&#8243;][vc_column_text] Llu\u00e7an\u00e8s is a region between Osona, Bergued\u00e0 and Bages. Its privileged situation, far from the big cities, helped to preserve its interior Catalonian spirit. From Llu\u00e7an\u00e8s we can admire the &hellip; <a href=\"https:\/\/www.lacugulada.com\/en\/surroundings\/\" class=\"more-link\">Continue reading <span class=\"screen-reader-text\">Surroundings<\/span><span class=\"meta-nav\">&rarr;<\/span><\/a><\/p>\n","protected":false},"author":1,"featured_media":0,"parent":0,"menu_order":0,"comment_status":"closed","ping_status":"closed","template":"","meta":{"_monsterinsights_skip_tracking":false,"_monsterinsights_sitenote_active":false,"_monsterinsights_sitenote_note":"","_monsterinsights_sitenote_category":0},"_links":{"self":[{"href":"https:\/\/www.lacugulada.com\/en\/wp-json\/wp\/v2\/pages\/9169"}],"collection":[{"href":"https:\/\/www.lacugulada.com\/en\/wp-json\/wp\/v2\/pages"}],"about":[{"href":"https:\/\/www.lacugulada.com\/en\/wp-json\/wp\/v2\/types\/page"}],"author":[{"embeddable":true,"href":"https:\/\/www.lacugulada.com\/en\/wp-json\/wp\/v2\/users\/1"}],"replies":[{"embeddable":true,"href":"https:\/\/www.lacugulada.com\/en\/wp-json\/wp\/v2\/comments?post=9169"}],"version-history":[{"count":7,"href":"https:\/\/www.lacugulada.com\/en\/wp-json\/wp\/v2\/pages\/9169\/revisions"}],"predecessor-version":[{"id":9968,"href":"https:\/\/www.lacugulada.com\/en\/wp-json\/wp\/v2\/pages\/9169\/revisions\/9968"}],"wp:attachment":[{"href":"https:\/\/www.lacugulada.com\/en\/wp-json\/wp\/v2\/media?parent=9169"}],"curies":[{"name":"wp","href":"https:\/\/api.w.org\/{rel}","templated":true}]}}