{"id":9183,"date":"2014-03-18T05:03:59","date_gmt":"2014-03-18T05:03:59","guid":{"rendered":"http:\/\/www.lacugulada.com\/contactar\/"},"modified":"2019-05-10T09:32:04","modified_gmt":"2019-05-10T09:32:04","slug":"contact-2","status":"publish","type":"page","link":"https:\/\/www.lacugulada.com\/en\/contact-2\/","title":{"rendered":"Contact"},"content":{"rendered":"<p>[vc_row full_width=&#8221;stretch_row_content_no_spaces&#8221; css=&#8221;.vc_custom_1525769827463{margin-top: -80px !important;}&#8221;][vc_column][vc_gmaps link=&#8221;#E-8_JTNDaWZyYW1lJTIwc3JjJTNEJTIyaHR0cHMlM0ElMkYlMkZ3d3cuZ29vZ2xlLmNvbSUyRm1hcHMlMkZlbWJlZCUzRnBiJTNEJTIxMW0xOCUyMTFtMTIlMjExbTMlMjExZDI5NjQuNjA1NDQyODY1MDY5JTIxMmQyLjAyODU3ODIxNTUwMDYzNDclMjEzZDQyLjAwODc0MjU2OTc4MjQ4JTIxMm0zJTIxMWYwJTIxMmYwJTIxM2YwJTIxM20yJTIxMWkxMDI0JTIxMmk3NjglMjE0ZjEzLjElMjEzbTMlMjExbTIlMjExczB4MTJhNTFiYTdhMjcyOTY3NSUyNTNBMHg4YzlmMzFlZTBlZWRiZGVjJTIxMnNMYSUyQkN1Z3VsYWRhJTI1MkMlMkJjYXNhJTJCcnVyYWwlMjE1ZTAlMjEzbTIlMjExc2VzJTIxMnNlcyUyMTR2MTUyMTcxOTgwNzI1MCUyMiUyMHdpZHRoJTNEJTIyNjAwJTIyJTIwaGVpZ2h0JTNEJTIyNDUwJTIyJTIwZnJhbWVib3JkZXIlM0QlMjIwJTIyJTIwc3R5bGUlM0QlMjJib3JkZXIlM0EwJTIyJTIwYWxsb3dmdWxsc2NyZWVuJTNFJTNDJTJGaWZyYW1lJTNF&#8221;][\/vc_column][\/vc_row][vc_row css=&#8221;.vc_custom_1518075609876{padding-top: 50px !important;padding-bottom: 50px !important;}&#8221;][vc_column width=&#8221;1\/3&#8243; css=&#8221;.vc_custom_1517975643416{margin-bottom: 30px !important;}&#8221;][pbr_title_heading title=&#8221;Contactact us&#8221; alignment=&#8221;text-left&#8221;][vc_column_text el_class=&#8221;contact-infor&#8221;]<\/p>\n<h4>Carretera BV-4401 de Prats a Nav\u00e0s km 17<br \/>\nPer la C-25 sortida 170 (Olost \u2013 Prats de Llu\u00e7an\u00e8s)<\/h4>\n<p><i class=\"fa fa-phone\"><\/i><strong>Tel\u00e8fon:<\/strong> 605 186 274<br \/>\n<i class=\"fa fa-envelope\"><\/i><strong>Email:<\/strong> info@lacugulada.com[\/vc_column_text][\/vc_column][vc_column width=&#8221;2\/3&#8243; el_class=&#8221;padding-left-100&#8243; css=&#8221;.vc_custom_1518076003186{margin-bottom: 30px !important;}&#8221;][pbr_title_heading title=&#8221;Send us a message&#8221; alignment=&#8221;text-left&#8221;]\n<div class=\"wpcf7 no-js\" id=\"wpcf7-f9225-o1\" lang=\"en-US\" dir=\"ltr\">\n<div class=\"screen-reader-response\"><p role=\"status\" aria-live=\"polite\" aria-atomic=\"true\"><\/p> <ul><\/ul><\/div>\n<form action=\"\/en\/wp-json\/wp\/v2\/pages\/9183#wpcf7-f9225-o1\" method=\"post\" class=\"wpcf7-form init\" aria-label=\"Contact form\" novalidate=\"novalidate\" data-status=\"init\">\n<div style=\"display: none;\">\n<input type=\"hidden\" name=\"_wpcf7\" value=\"9225\" \/>\n<input type=\"hidden\" name=\"_wpcf7_version\" value=\"5.7.4\" \/>\n<input type=\"hidden\" name=\"_wpcf7_locale\" value=\"en_US\" \/>\n<input type=\"hidden\" name=\"_wpcf7_unit_tag\" value=\"wpcf7-f9225-o1\" \/>\n<input type=\"hidden\" name=\"_wpcf7_container_post\" value=\"0\" \/>\n<input type=\"hidden\" name=\"_wpcf7_posted_data_hash\" value=\"\" \/>\n<input type=\"hidden\" name=\"_wpcf7_recaptcha_response\" value=\"\" \/>\n<\/div>\n<div class=\"row\">\n\t<div class=\"col-md-12\">\n\t\t<p><span class=\"wpcf7-form-control-wrap\" data-name=\"text-178\"><input size=\"40\" class=\"wpcf7-form-control wpcf7-text wpcf7-validates-as-required form-control\" aria-required=\"true\" aria-invalid=\"false\" placeholder=\"Name*\" value=\"\" type=\"text\" name=\"text-178\" \/><\/span>\n\t\t<\/p>\n\t<\/div>\n\t<div class=\"col-md-6\">\n\t\t<p><span class=\"wpcf7-form-control-wrap\" data-name=\"email-765\"><input size=\"40\" class=\"wpcf7-form-control wpcf7-text wpcf7-email wpcf7-validates-as-required wpcf7-validates-as-email form-control\" aria-required=\"true\" aria-invalid=\"false\" placeholder=\"E-mail*\" value=\"\" type=\"email\" name=\"email-765\" \/><\/span>\n\t\t<\/p>\n\t<\/div>\n\t<div class=\"col-md-6\">\n\t\t<p><span class=\"wpcf7-form-control-wrap\" data-name=\"tel-410\"><input size=\"40\" class=\"wpcf7-form-control wpcf7-text wpcf7-tel wpcf7-validates-as-tel form-control\" aria-invalid=\"false\" placeholder=\"Phone\" value=\"\" type=\"tel\" name=\"tel-410\" \/><\/span>\n\t\t<\/p>\n\t<\/div>\n\t<div class=\"col-md-6\">\n\t\t<p><span class=\"wpcf7-form-control-wrap\" data-name=\"dataentrada\"><input class=\"wpcf7-form-control wpcf7-date wpcf7-validates-as-date form-control\" aria-invalid=\"false\" placeholder=\"Entry date\" value=\"\" type=\"date\" name=\"dataentrada\" \/><\/span>\n\t\t<\/p>\n\t<\/div>\n\t<div class=\"col-md-6\">\n\t\t<p><span class=\"wpcf7-form-control-wrap\" data-name=\"datasortida\"><input class=\"wpcf7-form-control wpcf7-date wpcf7-validates-as-date form-control\" aria-invalid=\"false\" placeholder=\"Date out\" value=\"\" type=\"date\" name=\"datasortida\" \/><\/span>\n\t\t<\/p>\n\t<\/div>\n<\/div>\n<p><span class=\"wpcf7-form-control-wrap\" data-name=\"textarea-634\"><textarea cols=\"40\" rows=\"10\" class=\"wpcf7-form-control wpcf7-textarea form-control\" aria-invalid=\"false\" placeholder=\"Message\" name=\"textarea-634\"><\/textarea><\/span>\n<\/p>\n\n<p><input class=\"wpcf7-form-control has-spinner wpcf7-submit btn-default btn btn-lg\" type=\"submit\" value=\"Send\" \/>\n<\/p><div class=\"wpcf7-response-output\" aria-hidden=\"true\"><\/div>\n<\/form>\n<\/div>\n[\/vc_column][\/vc_row]<\/p>\n","protected":false},"excerpt":{"rendered":"<p>[vc_row full_width=&#8221;stretch_row_content_no_spaces&#8221; css=&#8221;.vc_custom_1525769827463{margin-top: -80px !important;}&#8221;][vc_column][vc_gmaps link=&#8221;#E-8_JTNDaWZyYW1lJTIwc3JjJTNEJTIyaHR0cHMlM0ElMkYlMkZ3d3cuZ29vZ2xlLmNvbSUyRm1hcHMlMkZlbWJlZCUzRnBiJTNEJTIxMW0xOCUyMTFtMTIlMjExbTMlMjExZDI5NjQuNjA1NDQyODY1MDY5JTIxMmQyLjAyODU3ODIxNTUwMDYzNDclMjEzZDQyLjAwODc0MjU2OTc4MjQ4JTIxMm0zJTIxMWYwJTIxMmYwJTIxM2YwJTIxM20yJTIxMWkxMDI0JTIxMmk3NjglMjE0ZjEzLjElMjEzbTMlMjExbTIlMjExczB4MTJhNTFiYTdhMjcyOTY3NSUyNTNBMHg4YzlmMzFlZTBlZWRiZGVjJTIxMnNMYSUyQkN1Z3VsYWRhJTI1MkMlMkJjYXNhJTJCcnVyYWwlMjE1ZTAlMjEzbTIlMjExc2VzJTIxMnNlcyUyMTR2MTUyMTcxOTgwNzI1MCUyMiUyMHdpZHRoJTNEJTIyNjAwJTIyJTIwaGVpZ2h0JTNEJTIyNDUwJTIyJTIwZnJhbWVib3JkZXIlM0QlMjIwJTIyJTIwc3R5bGUlM0QlMjJib3JkZXIlM0EwJTIyJTIwYWxsb3dmdWxsc2NyZWVuJTNFJTNDJTJGaWZyYW1lJTNF&#8221;][\/vc_column][\/vc_row][vc_row css=&#8221;.vc_custom_1518075609876{padding-top: 50px !important;padding-bottom: 50px !important;}&#8221;][vc_column width=&#8221;1\/3&#8243; css=&#8221;.vc_custom_1517975643416{margin-bottom: 30px !important;}&#8221;][pbr_title_heading title=&#8221;Contactact us&#8221; alignment=&#8221;text-left&#8221;][vc_column_text el_class=&#8221;contact-infor&#8221;] Carretera BV-4401 de Prats a Nav\u00e0s km 17 Per la C-25 sortida 170 (Olost \u2013 Prats de Llu\u00e7an\u00e8s) Tel\u00e8fon: 605 186 274 Email: info@lacugulada.com[\/vc_column_text][\/vc_column][vc_column width=&#8221;2\/3&#8243; el_class=&#8221;padding-left-100&#8243; css=&#8221;.vc_custom_1518076003186{margin-bottom: 30px !important;}&#8221;][pbr_title_heading title=&#8221;Send us a message&#8221; alignment=&#8221;text-left&#8221;][\/vc_column][\/vc_row]<\/p>\n","protected":false},"author":1,"featured_media":0,"parent":0,"menu_order":0,"comment_status":"closed","ping_status":"closed","template":"","meta":{"_monsterinsights_skip_tracking":false,"_monsterinsights_sitenote_active":false,"_monsterinsights_sitenote_note":"","_monsterinsights_sitenote_category":0},"_links":{"self":[{"href":"https:\/\/www.lacugulada.com\/en\/wp-json\/wp\/v2\/pages\/9183"}],"collection":[{"href":"https:\/\/www.lacugulada.com\/en\/wp-json\/wp\/v2\/pages"}],"about":[{"href":"https:\/\/www.lacugulada.com\/en\/wp-json\/wp\/v2\/types\/page"}],"author":[{"embeddable":true,"href":"https:\/\/www.lacugulada.com\/en\/wp-json\/wp\/v2\/users\/1"}],"replies":[{"embeddable":true,"href":"https:\/\/www.lacugulada.com\/en\/wp-json\/wp\/v2\/comments?post=9183"}],"version-history":[{"count":3,"href":"https:\/\/www.lacugulada.com\/en\/wp-json\/wp\/v2\/pages\/9183\/revisions"}],"predecessor-version":[{"id":9224,"href":"https:\/\/www.lacugulada.com\/en\/wp-json\/wp\/v2\/pages\/9183\/revisions\/9224"}],"wp:attachment":[{"href":"https:\/\/www.lacugulada.com\/en\/wp-json\/wp\/v2\/media?parent=9183"}],"curies":[{"name":"wp","href":"https:\/\/api.w.org\/{rel}","templated":true}]}}