{"id":8706,"date":"2019-03-28T11:08:11","date_gmt":"2019-03-28T11:08:11","guid":{"rendered":"http:\/\/www.lacugulada.com\/avis-legal\/"},"modified":"2019-05-15T10:04:35","modified_gmt":"2019-05-15T10:04:35","slug":"avis-legal","status":"publish","type":"page","link":"https:\/\/www.lacugulada.com\/es\/avis-legal\/","title":{"rendered":"Av\u00eds Legal"},"content":{"rendered":"<p>[vc_row][vc_column][vc_column_text]<\/p>\n<p style=\"text-align: justify;\"><strong>Objecte i acceptaci\u00f3<\/strong><\/p>\n<p style=\"text-align: justify;\">El present Av\u00eds legal regula l&#8217;\u00fas de la nostra web, de la que \u00e9s titular MANEL SERRA BARTRONS. La navegaci\u00f3 per la p\u00e0gina web de LA CUGULADA atribueix la condici\u00f3 d&#8217;usuari del mateix i implica la total acceptaci\u00f3 i sense reserves de totes i cadascuna de les disposicions incloses en aquest Av\u00eds Legal, que poden patir modificacions. Es requereix fer un \u00fas correcte del lloc web de conformitat amb les lleis, la bona fe, l&#8217;ordre p\u00fablic, els usos del tr\u00e0nsit i el present Av\u00eds Legal. El respondreu davant de MANEL SERRA BARTRONS o davant de tercers, de qualsevol dany i perjudici que pugui ocasionar-se com a conseq\u00fc\u00e8ncia de l&#8217;incompliment d&#8217;aquesta obligaci\u00f3.<\/p>\n<p style=\"text-align: justify;\"><strong>Identificaci\u00f3 i comunicacions<\/strong><\/p>\n<p style=\"text-align: justify;\">MANEL SERRA BARTRONS, en compliment de la Llei 34\/2002, d&#8217;11 de juliol, de serveis de la societat de la informaci\u00f3 i de comer\u00e7 electr\u00f2nic, informa que:<\/p>\n<p style=\"text-align: justify;\">La seva denominaci\u00f3 social \u00e9s: MANEL SERRA BARTRONS<\/p>\n<p style=\"text-align: justify;\">El seu CIF \u00e9s: 77728116F<\/p>\n<p style=\"text-align: justify;\">El seu domicili social est\u00e0 a: C\/SERRADET SANT ANTONI &#8211;\u00a008513 PRATS DE LLU\u00c7AN\u00c8S<\/p>\n<p style=\"text-align: justify;\">Per comunicar-vos amb nosaltres, posem a la vostra disposici\u00f3 diferents mitjans de contacte especificats en la pol\u00edtica de privacitat.<\/p>\n<p style=\"text-align: justify;\">Totes les notificacions i comunicacions que es realitzin amb MANEL SERRA BARTRONS es consideraran efectives, a tots els efectes, sempre que es realitzin per mitjans especificats anteriorment<\/p>\n<p style=\"text-align: justify;\"><strong>\u00a0<\/strong><\/p>\n<p style=\"text-align: justify;\"><strong>Condicions d&#8217;acc\u00e9s i utilitzaci\u00f3<\/strong><\/p>\n<p style=\"text-align: justify;\">La web i els seus serveis s\u00f3n d&#8217;acc\u00e9s lliure, no obstant aix\u00f2, MANEL SERRA BARTRONS condiciona la utilitzaci\u00f3 d&#8217;alguns dels serveis oferts a la seva web a la pr\u00e8via compliment del corresponent formulari.<\/p>\n<p style=\"text-align: justify;\">Vost\u00e8 garanteix l&#8217;autenticitat i actualitat de tots aquells dades que comunicar\u00e0 a MANEL SERRA BARTRONS i ser\u00e0 l&#8217;\u00fanic responsable de les manifestacions falses o inexactes que realitzi.<\/p>\n<p style=\"text-align: justify;\">Vost\u00e8 es compromet expressament a fer un \u00fas adequat dels continguts i serveis de MANEL SERRA BARTRONS i no utilitzar-los per, entre altres:<\/p>\n<p style=\"text-align: justify;\">Difondre continguts, criminals, violents, pornogr\u00e0fics, racistes, xen\u00f2fobs, ofensius, d&#8217;apologia del terrorisme o, en general, contraris a la llei o al ordre p\u00fablic.<\/p>\n<p style=\"text-align: justify;\">Introduir a la xarxa inform\u00e0tica virus o realitzar actuacions susceptibles d&#8217;alteraci\u00f3, espatllar, interrompre o generar errors o danys als documents electr\u00f2nics, dades o sistemes f\u00edsics i log\u00edstics de\u00a0MANEL SERRA BARTRONS o de terceres persones; aix\u00ed com obstaculitzar l&#8217;acc\u00e9s d&#8217;altres usuaris al lloc web i als seus serveis mitjan\u00e7ant el consum massiu dels recursos inform\u00e0tics a trav\u00e9s dels quals MANEL SERRA BARTRONS presta els seus serveis.<\/p>\n<p style=\"text-align: justify;\">Intentar accedir a dades d&#8217;altres persones o a \u00e0rees restringides dels sistemes inform\u00e0tics de MANEL SERRA BARTRONS o de tercers i, si s\u2019escau, extreure informaci\u00f3.<\/p>\n<p style=\"text-align: justify;\">Vulnerar els drets de propietat intel\u00b7lectual o industrial, aix\u00ed com violar la confidencialitat de la informaci\u00f3 de\u00a0MANEL SERRA BARTRONS o de tercers.<\/p>\n<p style=\"text-align: justify;\">Substituir la identitat d&#8217;un altre usuari, de les administracions p\u00fabliques o d&#8217;un tercer.<\/p>\n<p style=\"text-align: justify;\">Reproduir, copiar, distribuir, posar a disposici\u00f3 o de qualsevol altra forma comunicar-se p\u00fablicament, transformar o modificar els continguts, a menys que es compti amb l&#8217;autoritzaci\u00f3 del titular dels corresponents drets o sigui legalment perm\u00e8s.<\/p>\n<p style=\"text-align: justify;\">Recopilar dades amb finalitat publicit\u00e0ria i remetre publicitat de qualsevol classe i comunicacions amb finalitats de venda o altres de naturalesa comercial sense pr\u00e8via sol\u00b7licitud o consentiment.<\/p>\n<p style=\"text-align: justify;\">Tots els continguts del lloc web, com textos, fotografies, gr\u00e0fics, imatges, icones, tecnologia, programari, aix\u00ed com el seu disseny gr\u00e0fic i codi font, constitueixen una obra que la seva propietat pertany a MANEL SERRA BARTRONS, sense que es pugui entendre com cedits cap dels drets d&#8217;explotaci\u00f3 sobre els mateixos m\u00e9s enll\u00e0 del que estrictament sigui necessari per al correcte \u00fas de la web.<\/p>\n<p style=\"text-align: justify;\">En definitiva, vost\u00e8 que accedeix a aquesta web, pot visualitzar els continguts i efectuar, en el seu cas, c\u00f2pies privades autoritzades sempre que els elements reprodu\u00efts no es cedeixin posteriorment a tercers, ni s\u2019instal\u00b7lin a servidors connectats a xarxes, ni siguin objecte de cap tipus d&#8217;explotaci\u00f3.<\/p>\n<p style=\"text-align: justify;\">Aix\u00ed mateix, totes les marques, noms comercials o signes distintius de qualsevol classe que apareguin en el lloc web s\u00f3n propietat de MANEL SERRA BARTRONS, sense que es pugui entendre que el seu \u00fas o acc\u00e9s li atribueix algun dret sobre els mateixos.<\/p>\n<p style=\"text-align: justify;\">La distribuci\u00f3, modificaci\u00f3, cessi\u00f3 o comunicaci\u00f3 p\u00fablica dels continguts i qualsevol altre acte que no hagi estat expressament autoritzat pel titular dels drets d&#8217;explotaci\u00f3 quedaran prohibits.<\/p>\n<p style=\"text-align: justify;\">L&#8217;establiment d&#8217;un h\u00edper-enlla\u00e7 no implica en cap cas l&#8217;exist\u00e8ncia de relacions entre MANEL SERRA BARTRONS i el propietari de la web en qu\u00e8 s&#8217;estableixi, ni l&#8217;acceptaci\u00f3 i aprovaci\u00f3 per part de MANEL SERRA BARTRONS dels seus continguts o serveis. Aquelles persones que es proposin establir un h\u00edper-enlla\u00e7 pr\u00e8viament hauran de sol\u00b7licitar l&#8217;autoritzaci\u00f3 per escrit a MANEL SERRA BARTRONS. En tot cas, el h\u00edper-enlla\u00e7 nom\u00e9s permetr\u00e0 l&#8217;acc\u00e9s a la p\u00e0gina d&#8217;inici o p\u00e0gina d&#8217;inici de la nostra web, a m\u00e9s d&#8217;abstenir-se de realitzar manifestacions o indicacions falses, inexactes o incorrectes sobre MANEL SERRA BARTRONS, o incloure continguts il\u00b7l\u00edcits, contraris a les bones costums i al ordre p\u00fablic.<\/p>\n<p style=\"text-align: justify;\">MANEL SERRA BARTRONS no es responsabilitza de l&#8217;\u00fas que cada usuari li assigni als materials posats a disposici\u00f3 en aquesta web ni de les actuacions que realitzi en base als mateixos.<\/p>\n<p style=\"text-align: justify;\"><strong>\u00a0<\/strong><strong>Exclusi\u00f3 de garanties i de responsabilitat<\/strong><\/p>\n<p style=\"text-align: justify;\">MANEL SERRA BARTRONS exclou, fins on permet l&#8217;ordenament jur\u00eddic, qualsevol responsabilitat pels danys i perjudicis de tota naturalesa derivats de:<\/p>\n<p style=\"text-align: justify;\">La impossibilitat d&#8217;acc\u00e9s a la web o la falta de veracitat, exactitud, exhaustivitat i \/ o actualitat dels continguts, aix\u00ed com l&#8217;exist\u00e8ncia de costums i defectes de tota classe de continguts transmesos, difosos, emmagatzemats, posats a disposici\u00f3 als que s&#8217;ha accedit a trav\u00e9s del lloc web o dels serveis que s&#8217;ofereixen.<\/p>\n<p style=\"text-align: justify;\">La pres\u00e8ncia de virus o d&#8217;altres elements en els continguts que puguin produir alteracions en els sistemes inform\u00e0tics, documents electr\u00f2nics o dades dels usuaris.<\/p>\n<p style=\"text-align: justify;\">El incompliment de les lleis, la bona fe, l&#8217;ordre p\u00fablic, els usos del tr\u00e0nsit i el present av\u00eds legal com a conseq\u00fc\u00e8ncia de l&#8217;\u00fas incorrecte del lloc web. En concret, ja com a exemple, MANEL SERRA BARTRONS no es fa responsable de les actuacions de tercers que vulnerin drets de propietat intel\u00b7lectual i industrial, secret empresarials, drets a l&#8217;honor, a la intimitat personal i familiar i a la pr\u00f2pia imatge, aix\u00ed com la normativa en mat\u00e8ria de compet\u00e8ncia deslleial i publicitat il\u00b7l\u00edcita.<\/p>\n<p style=\"text-align: justify;\">Aix\u00ed mateix, MANEL SERRA BARTRONS declina qualsevol responsabilitat respecte a la informaci\u00f3 que es troba fora d&#8217;aquesta web i no \u00e9s gestionada directament per el nostra web m\u00e0ster. La funci\u00f3 dels enlla\u00e7os que apareixen en aquesta web \u00e9s exclusivament la d&#8217;informar al usuari sobre l&#8217;exist\u00e8ncia d&#8217;altres fonts susceptibles d&#8217;ampliar els continguts que ofereix aquesta web. MANEL SERRA BARTRONS no garanteix ni es responsabilitza del funcionament o accessibilitat dels llocs enlla\u00e7ats; no suggereix, convida o recomana la visita als mateixos, pel que tampoc ser\u00e0 responsable del resultat obtingut. MANEL SERRA BARTRONS no es responsabilitza de l&#8217;establiment d&#8217;h\u00edper-vincles per part de tercers.<\/p>\n<p style=\"text-align: justify;\"><strong>Procediment en cas de realitzaci\u00f3 d&#8217;activitats de car\u00e0cter il\u00b7l\u00edcit<\/strong><\/p>\n<p style=\"text-align: justify;\">En el cas que vost\u00e8 o un tercer consideri que existeixen fets o circumst\u00e0ncies que revelen el car\u00e0cter il\u00b7l\u00edcit de la utilitzaci\u00f3 de qualsevol contingut i \/ o de la realitzaci\u00f3 de qualsevol activitat a les p\u00e0gines web incloses o accessibles a trav\u00e9s de la p\u00e0gina web, s&#8217;han de posar en contacte amb MANEL SERRA BARTRONS identificant-se adequadament, especificant les suposades infraccions i declarant expressament i sota la seva responsabilitat que la informaci\u00f3 proporcionada en la notificaci\u00f3 \u00e9s exacta.<\/p>\n<p style=\"text-align: justify;\">Per a tota q\u00fcesti\u00f3 litigiosa que faci refer\u00e8ncia al lloc web de MANEL SERRA BARTRONS, ser\u00e0 d&#8217;aplicaci\u00f3 la legislaci\u00f3 espanyola, sent competents els Jutjats i Tribunals m\u00e9s propers a la seu de (Espanya).<\/p>\n<p style=\"text-align: justify;\"><strong>Publicacions<\/strong><\/p>\n<p style=\"text-align: justify;\">La informaci\u00f3 administrada facilitada a trav\u00e9s del lloc web no substitueix la publicitat legal de les lleis, normatives, plans, disposicions generals i actes que hagin de ser publicats formalment als diaris oficials de les administracions p\u00fabliques, que constitueixen el \u00fanic instrument que d\u00f3na fe de la seva autenticitat i contingut. La informaci\u00f3 disponible en aquest lloc web ha de ser entesa com una guia sense prop\u00f2sit de validesa legal.<\/p>\n<p>[\/vc_column_text][\/vc_column][\/vc_row]<\/p>\n","protected":false},"excerpt":{"rendered":"<p>[vc_row][vc_column][vc_column_text] Objecte i acceptaci\u00f3 El present Av\u00eds legal regula l&#8217;\u00fas de la nostra web, de la que \u00e9s titular MANEL SERRA BARTRONS. La navegaci\u00f3 per la p\u00e0gina web de LA CUGULADA atribueix la condici\u00f3 d&#8217;usuari del mateix i implica la total acceptaci\u00f3 i sense reserves de totes i cadascuna de les disposicions incloses en aquest &hellip; <a href=\"https:\/\/www.lacugulada.com\/es\/avis-legal\/\" class=\"more-link\">Continue reading <span class=\"screen-reader-text\">Av\u00eds Legal<\/span><span class=\"meta-nav\">&rarr;<\/span><\/a><\/p>\n","protected":false},"author":1,"featured_media":0,"parent":0,"menu_order":0,"comment_status":"closed","ping_status":"closed","template":"","meta":{"_monsterinsights_skip_tracking":false,"_monsterinsights_sitenote_active":false,"_monsterinsights_sitenote_note":"","_monsterinsights_sitenote_category":0},"_links":{"self":[{"href":"https:\/\/www.lacugulada.com\/es\/wp-json\/wp\/v2\/pages\/8706"}],"collection":[{"href":"https:\/\/www.lacugulada.com\/es\/wp-json\/wp\/v2\/pages"}],"about":[{"href":"https:\/\/www.lacugulada.com\/es\/wp-json\/wp\/v2\/types\/page"}],"author":[{"embeddable":true,"href":"https:\/\/www.lacugulada.com\/es\/wp-json\/wp\/v2\/users\/1"}],"replies":[{"embeddable":true,"href":"https:\/\/www.lacugulada.com\/es\/wp-json\/wp\/v2\/comments?post=8706"}],"version-history":[{"count":2,"href":"https:\/\/www.lacugulada.com\/es\/wp-json\/wp\/v2\/pages\/8706\/revisions"}],"predecessor-version":[{"id":9319,"href":"https:\/\/www.lacugulada.com\/es\/wp-json\/wp\/v2\/pages\/8706\/revisions\/9319"}],"wp:attachment":[{"href":"https:\/\/www.lacugulada.com\/es\/wp-json\/wp\/v2\/media?parent=8706"}],"curies":[{"name":"wp","href":"https:\/\/api.w.org\/{rel}","templated":true}]}}