{"id":8708,"date":"2019-03-28T10:45:04","date_gmt":"2019-03-28T10:45:04","guid":{"rendered":"http:\/\/www.lacugulada.com\/politica-de-cookies\/"},"modified":"2019-06-10T08:27:53","modified_gmt":"2019-06-10T08:27:53","slug":"politica-de-cookies","status":"publish","type":"page","link":"https:\/\/www.lacugulada.com\/es\/politica-de-cookies\/","title":{"rendered":"Pol\u00edtica de cookies"},"content":{"rendered":"<p>[vc_row][vc_column][pbr_title_heading title=\u00bbPol\u00edtica de cookies\u00bb style=\u00bbheading-style1&#8243; alignment=\u00bbtext-left\u00bb subtitle=\u00bbabout villa vogelsang\u00bb][vc_column_text]<\/p>\n<p style=\"text-align: justify;\">En aquest web s\u2019utilitzen tant galetes temporals de sessi\u00f3 com galetes permanents. Les galetes de sessi\u00f3 nom\u00e9s emmagatzemen dades mentre l\u2019usuari accedeix al web; en canvi, les galetes permanents emmagatzemen les dades al terminal perqu\u00e8 sigui possible accedir-hi i utilitzar-les en m\u00e9s d\u2019una sessi\u00f3.<br \/>\nSegons la finalitat per a la qual es tractin les dades obtingudes a trav\u00e9s de les galetes, el web pot fer servir:<\/p>\n<p style=\"text-align: justify;\"><strong>GALETES T\u00c8CNIQUES:<\/strong><\/p>\n<p style=\"text-align: justify;\">S\u00d3N LES QUE PERMETEN QUE L\u2019USUARI NAVEGUI A TRAV\u00c9S DE LA P\u00c0GINA WEB O APLICACI\u00d3 I FACI SERVIR LES DIFERENTS OPCIONS O SERVEIS QUE S\u2019HI OFEREIXEN, COM ARA CONTROLAR EL TR\u00c0NSIT I LA COMUNICACI\u00d3 DE DADES, IDENTIFICAR LA SESSI\u00d3, ACCEDIR A LES PARTS D\u2019ACC\u00c9S RESTRINGIT DEL WEB, RECORDAR ELS ELEMENTS QUE INTEGREN UNA COMANDA, FER LA SOL\u2022LICITUD D\u2019INSCRIPCI\u00d3 O PARTICIPACI\u00d3 EN UN ESDEVENIMENT, UTILITZAR ELEMENTS DE SEGURETAT DURANT LA NAVEGACI\u00d3 I EMMAGATZEMAR CONTINGUTS PER A LA DIFUSI\u00d3 DE V\u00cdDEOS O SO.<\/p>\n<p style=\"text-align: justify;\"><strong>GALETES DE PERSONALITZACI\u00d3:<br \/>\n<\/strong><br \/>\nS\u00d3N LES QUE POSSIBILITEN QUE L\u2019USUARI ACCEDEIXI AL SERVEI AMB ALGUNES CARACTER\u00cdSTIQUES GENERALS PREDEFINIDES AL SEU TERMINAL O DEFINIDES PEL MATEIX USUARI;<br \/>\nPER EXEMPLE, L\u2019IDIOMA, EL TIPUS DE NAVEGADOR A TRAV\u00c9S DEL QUAL ACCEDEIX AL SERVEI, EL DISSENY DE CONTINGUTS SELECCIONAT, LA GEOLOCALITZACI\u00d3 DEL TERMINAL I LA CONFIGURACI\u00d3 REGIONAL DES DE LA QUAL S\u2019ACCEDEIX AL SERVEI.<\/p>\n<p style=\"text-align: justify;\"><strong>GALETES PUBLICIT\u00c0RIES:<br \/>\n<\/strong><br \/>\nS\u00d3N LES QUE PERMETEN GESTIONAR EFICA\u00c7MENT ELS ESPAIS PUBLICITARIS QUE S\u2019HAN INCL\u00d2S A LA P\u00c0GINA WEB O APLICACI\u00d3 DES DE LA QUAL ES PRESTA EL SERVEI.<br \/>\nPERMETEN ADEQUAR EL CONTINGUT DE LA PUBLICITAT PERQU\u00c8 SIGUI RELLEVANT PER A L\u2019USUARI I PER EVITAR MOSTRAR-LI ANUNCIS QUE JA HA VIST.<\/p>\n<p style=\"text-align: justify;\"><strong>GALETES D\u2019AN\u00c0LISI ESTAD\u00cdSTICA:<br \/>\n<\/strong><br \/>\nS\u00d3N LES QUE PERMETEN FER EL SEGUIMENT I L\u2019AN\u00c0LISI DEL COMPORTAMENT DELS USUARIS ALS LLOCS WEB. LA INFORMACI\u00d3 RECOLLIDA PER MITJ\u00c0 D\u2019AQUESTA MENA DE GALETES ES FA SERVIR EN EL MESURAMENT DE L\u2019ACTIVITAT DELS LLOCS WEB, APLICACIONS O PLATAFORMES I PER ELABORAR PERFILS DE NAVEGACI\u00d3 DELS USUARIS D\u2019AQUESTS LLOCS, AMB LA FINALITAT D\u2019INTRODUIR MILLORES EN EL SERVEI EN FUNCI\u00d3 DE LES DADES RELATIVES A L\u2019\u00daS QUE EN FAN ELS USUARIS.<\/p>\n<p style=\"text-align: justify;\"><strong>GALETES DE TERCERS:<br \/>\n<\/strong><br \/>\nEN ALGUNES P\u00c0GINES WEB ES PODEN INSTAL\u2022LAR GALETES DE TERCERS QUE PERMETEN GESTIONAR I MILLORAR ELS SERVEIS OFERTS, COM ARA ELS SERVEIS ESTAD\u00cdSTICS DE GOOGLE ANALYTICS.<\/p>\n<p style=\"text-align: justify;\"><strong>COM S\u2019ADMINISTREN LES GALETES AL NAVEGADOR:<br \/>\n<\/strong><br \/>\nL\u2019USUARI T\u00c9 L\u2019OPCI\u00d3 DE PERMETRE, BLOQUEJAR O ELIMINAR LES GALETES INSTAL\u2022LADES AL SEU EQUIP MITJAN\u00c7ANT LA CONFIGURACI\u00d3 DE LES OPCIONS DEL NAVEGADOR QUE UTILITZA AL SEU TERMINAL:<\/p>\n<p style=\"text-align: justify;\"><strong>PER AJUSTAR ELS PERMISOS RELACIONATS AMB LES GALETES AL NAVEGADOR GOOGLE CHROME:<br \/>\n<\/strong><br \/>\nCLIQUEU AL MEN\u00da SITUAT A LA BARRA D\u2019EINES.<br \/>\nSELECCIONEU \u2018CONFIGURACI\u00d3\u2019.<br \/>\nCLIQUEU A \u2018MOSTRA LA CONFIGURACI\u00d3 AVAN\u00c7ADA\u2019.<br \/>\nDINS LA SECCI\u00d3 DE PRIVADESA, FEU CLIC AL BOT\u00d3 \u2018CONFIGURACI\u00d3 DEL CONTINGUT\u2019.<br \/>\nDINS LA SECCI\u00d3 DE GALETES, ES PODEN CONFIGURAR LES OPCIONS.<\/p>\n<p style=\"text-align: justify;\"><strong>PER AJUSTAR ELS PERMISOS RELACIONATS AMB LES GALETES AL NAVEGADOR MOZILLA FIREFOX:<br \/>\n<\/strong><br \/>\nA LA BANDA SUPERIOR DE LA FINESTRA DE FIREFOX, FEU CLIC AL MEN\u00da EINES.<br \/>\nSELECCIONEU \u2018OPCIONS\u2019.<br \/>\nSELECCIONEU LA SUBFINESTRA \u2018PRIVADESA\u2019.<br \/>\nDINS L\u2019OPCI\u00d3 DE FIREFOX, PODEU ESCOLLIR UTILITZA ELS PAR\u00c0METRES PERSONALITZATS DE L\u2019HISTORIAL PER CONFIGURAR LES OPCIONS.<\/p>\n<p style=\"text-align: justify;\"><strong>PER AJUSTAR ELS PERMISOS RELACIONATS AMB LES GALETES AL NAVEGADOR INTERNET EXPLORER 9:<br \/>\n<\/strong><br \/>\nA LA BANDA SUPERIOR DE LA FINESTRA D\u2019INTERNET EXPLORER, CLIQUEU AL MEN\u00da EINES.<br \/>\nSELECCIONEU LA PESTANYA DE SEGURETAT I FEU SERVIR L\u2019OPCI\u00d3 \u2018ELIMINA L\u2019HISTORIAL D\u2019EXPLORACI\u00d3\u2019 PER ELIMINAR LES GALETES. ACTIVEU LA CASELLA \u2018GALETES\u2019 I,<br \/>\nTOT SEGUIT, FEU CLIC A \u2018ELIMINA\u2019.<br \/>\nSELECCIONEU LA PESTANYA DE SEGURETAT I ACCEDIU A \u2018CONFIGURACI\u00d3\u2019. MOVEU EL CONTROL LLISCANT FINS A DALT DE TOT PER BLOQUEJAR TOTES LES GALETES O FINS A BAIX DE TOT PER PERMETRE-LES TOTES. A CONTINUACI\u00d3, FEU CLIC A \u2018ACCEPTA\u2019.<\/p>\n<p style=\"text-align: justify;\">SI BLOQUEGEU L\u2019\u00daS DE GALETES AL VOSTRE NAVEGADOR, \u00c9S POSSIBLE QUE ALGUNS SERVEIS O FUNCIONALITATS DE LA P\u00c0GINA WEB NO ESTIGUIN DISPONIBLES.<br \/>\nEN ALGUNS NAVEGADORS ES PODEN CONFIGURAR REGLES ESPEC\u00cdFIQUES PER ADMINISTRAR GALETES PER AL LLOC WEB, COSA QUE OFEREIX UN CONTROL M\u00c9S PREC\u00cdS DE LA PRIVACITAT. AIX\u00d2 VOL DIR QUE PODEU INHABILITAR GALETES DE TOTS ELS LLOCS EXCEPTE D\u2019AQUELLS EN ELS QUALS CONFIEU.<\/p>\n<p><!--more--><!--more-->[\/vc_column_text][\/vc_column][\/vc_row][vc_row css=\u00bb.vc_custom_1517817690880{background-image: url(\/\/localhost:8888\/wordpress\/wp_strollik_v2\/wp-content\/uploads\/2015\/01\/background1.jpg?id=7164) !important;background-position: 0 0 !important;background-repeat: no-repeat !important;}\u00bb][vc_column css=\u00bb.vc_custom_1517371806431{padding-right: 100px !important;}\u00bb][\/vc_column][\/vc_row]<\/p>\n","protected":false},"excerpt":{"rendered":"<p>[vc_row][vc_column][pbr_title_heading title=\u00bbPol\u00edtica de cookies\u00bb style=\u00bbheading-style1&#8243; alignment=\u00bbtext-left\u00bb subtitle=\u00bbabout villa vogelsang\u00bb][vc_column_text] En aquest web s\u2019utilitzen tant galetes temporals de sessi\u00f3 com galetes permanents. Les galetes de sessi\u00f3 nom\u00e9s emmagatzemen dades mentre l\u2019usuari accedeix al web; en canvi, les galetes permanents emmagatzemen les dades al terminal perqu\u00e8 sigui possible accedir-hi i utilitzar-les en m\u00e9s d\u2019una sessi\u00f3. Segons la &hellip; <a href=\"https:\/\/www.lacugulada.com\/es\/politica-de-cookies\/\" class=\"more-link\">Continue reading <span class=\"screen-reader-text\">Pol\u00edtica de cookies<\/span><span class=\"meta-nav\">&rarr;<\/span><\/a><\/p>\n","protected":false},"author":1,"featured_media":0,"parent":0,"menu_order":0,"comment_status":"closed","ping_status":"closed","template":"","meta":{"_monsterinsights_skip_tracking":false,"_monsterinsights_sitenote_active":false,"_monsterinsights_sitenote_note":"","_monsterinsights_sitenote_category":0},"_links":{"self":[{"href":"https:\/\/www.lacugulada.com\/es\/wp-json\/wp\/v2\/pages\/8708"}],"collection":[{"href":"https:\/\/www.lacugulada.com\/es\/wp-json\/wp\/v2\/pages"}],"about":[{"href":"https:\/\/www.lacugulada.com\/es\/wp-json\/wp\/v2\/types\/page"}],"author":[{"embeddable":true,"href":"https:\/\/www.lacugulada.com\/es\/wp-json\/wp\/v2\/users\/1"}],"replies":[{"embeddable":true,"href":"https:\/\/www.lacugulada.com\/es\/wp-json\/wp\/v2\/comments?post=8708"}],"version-history":[{"count":3,"href":"https:\/\/www.lacugulada.com\/es\/wp-json\/wp\/v2\/pages\/8708\/revisions"}],"predecessor-version":[{"id":9665,"href":"https:\/\/www.lacugulada.com\/es\/wp-json\/wp\/v2\/pages\/8708\/revisions\/9665"}],"wp:attachment":[{"href":"https:\/\/www.lacugulada.com\/es\/wp-json\/wp\/v2\/media?parent=8708"}],"curies":[{"name":"wp","href":"https:\/\/api.w.org\/{rel}","templated":true}]}}