{"id":8721,"date":"2018-05-04T08:52:37","date_gmt":"2018-05-04T08:52:37","guid":{"rendered":"http:\/\/www.lacugulada.com\/empreses\/"},"modified":"2019-05-15T10:37:07","modified_gmt":"2019-05-15T10:37:07","slug":"empresas","status":"publish","type":"page","link":"https:\/\/www.lacugulada.com\/es\/empresas\/","title":{"rendered":"Empresas"},"content":{"rendered":"<p>[vc_row css=\u00bb.vc_custom_1517817690880{background-image: url(\/\/localhost:8888\/wordpress\/wp_strollik_v2\/wp-content\/uploads\/2015\/01\/background1.jpg?id=7164) !important;background-position: 0 0 !important;background-repeat: no-repeat !important;}\u00bb][vc_column css=\u00bb.vc_custom_1517371806431{padding-right: 100px !important;}\u00bb][\/vc_column][\/vc_row][vc_row css=\u00bb.vc_custom_1517371920451{padding-bottom: 50px !important;background-position: 0 0 !important;background-repeat: no-repeat !important;}\u00bb][vc_column css=\u00bb.vc_custom_1517372472105{margin-bottom: 30px !important;}\u00bb offset=\u00bbvc_col-lg-8 vc_col-md-12&#8243; el_class=\u00bbpadding-right-100&#8243;][pbr_title_heading title=\u00bbSala de reunions\u00bb subtitle2=\u00bbLa Cugulada\u00bb style=\u00bbheading-style1&#8243; alignment=\u00bbtext-left\u00bb subtitle=\u00bbabout villa vogelsang\u00bb][vc_column_text]<\/p>\n<p style=\"font-size: 18px; margin-bottom: 25px; text-align: justify;\">La casa rural La Cugulada ofrece espacios ideales para las reuniones de empresa i para las estadas de trabajo, porque el entorno natural produce el relax necesario para la concentraci\u00f3n.<br \/>\nLa Cugulada es, tambi\u00e9n, id\u00f3nea para realizar cursos de formaci\u00f3n, para presentar proyectos de empresa, para realizar cursos de coaching, intensivos de idiomas, talleres de terapia alternativa, etc.<\/p>\n<p>[\/vc_column_text][\/vc_column][vc_column offset=\u00bbvc_col-lg-4 vc_col-md-12&#8243; css=\u00bb.vc_custom_1517371949710{margin-bottom: 30px !important;}\u00bb][vc_row_inner][vc_column_inner width=\u00bb1\/2&#8243;][pbr_counter title=\u00bbM\u00b2\u00bb number=\u00bb20&#8243; icon=\u00bbfa-home\u00bb layout=\u00bbv1&#8243;][pbr_counter title=\u00bbPantalla proyecci\u00f3n\u00bb number=\u00bb1&#8243; icon=\u00bbfa-window-maximize\u00bb layout=\u00bbv1&#8243;][\/vc_column_inner][vc_column_inner width=\u00bb1\/2&#8243;][pbr_counter title=\u00bbMesas modulares\u00bb number=\u00bb6&#8243; icon=\u00bbfa-inbox\u00bb layout=\u00bbv1&#8243;][pbr_counter title=\u00bbTV\u00bb number=\u00bb1&#8243; icon=\u00bbfa-tv\u00bb layout=\u00bbv1&#8243;][\/vc_column_inner][\/vc_row_inner][\/vc_column][\/vc_row][vc_row full_width=\u00bbstretch_row_content_no_spaces\u00bb][vc_column][pbr_gallery_grid columns=\u00bb5&#8243; nopadding=\u00bb1&#8243; galleries=\u00bb8256,8260,8254,8261,8257,8253,8252,8263,8264,8618&#8243;][\/vc_column][\/vc_row][vc_row full_width=\u00bbstretch_row\u00bb css=\u00bb.vc_custom_1525254947979{padding-bottom: 50px !important;background-color: #221e1f !important;}\u00bb][vc_column css=\u00bb.vc_custom_1516421234342{padding-top: 100px !important;padding-bottom: 70px !important;}\u00bb][pbr_title_heading title=\u00bbComentarios \u00bb subtitle2=\u00bbde nuestros clientes\u00bb style=\u00bbheading-style1&#8243; alignment=\u00bbtext-left\u00bb subtitle=\u00bbHappy customer\u00bb el_class=\u00bbwhite\u00bb][pbr_testimonials number=\u00bb3&#8243; columns=\u00bb3&#8243; layout=\u00bbv2&#8243;][\/vc_column][\/vc_row]<\/p>\n","protected":false},"excerpt":{"rendered":"<p>[vc_row css=\u00bb.vc_custom_1517817690880{background-image: url(\/\/localhost:8888\/wordpress\/wp_strollik_v2\/wp-content\/uploads\/2015\/01\/background1.jpg?id=7164) !important;background-position: 0 0 !important;background-repeat: no-repeat !important;}\u00bb][vc_column css=\u00bb.vc_custom_1517371806431{padding-right: 100px !important;}\u00bb][\/vc_column][\/vc_row][vc_row css=\u00bb.vc_custom_1517371920451{padding-bottom: 50px !important;background-position: 0 0 !important;background-repeat: no-repeat !important;}\u00bb][vc_column css=\u00bb.vc_custom_1517372472105{margin-bottom: 30px !important;}\u00bb offset=\u00bbvc_col-lg-8 vc_col-md-12&#8243; el_class=\u00bbpadding-right-100&#8243;][pbr_title_heading title=\u00bbSala de reunions\u00bb subtitle2=\u00bbLa Cugulada\u00bb style=\u00bbheading-style1&#8243; alignment=\u00bbtext-left\u00bb subtitle=\u00bbabout villa vogelsang\u00bb][vc_column_text] La casa rural La Cugulada ofrece espacios ideales para las reuniones de empresa i para las estadas de trabajo, &hellip; <a href=\"https:\/\/www.lacugulada.com\/es\/empresas\/\" class=\"more-link\">Continue reading <span class=\"screen-reader-text\">Empresas<\/span><span class=\"meta-nav\">&rarr;<\/span><\/a><\/p>\n","protected":false},"author":1,"featured_media":0,"parent":0,"menu_order":0,"comment_status":"closed","ping_status":"closed","template":"","meta":{"_monsterinsights_skip_tracking":false,"_monsterinsights_sitenote_active":false,"_monsterinsights_sitenote_note":"","_monsterinsights_sitenote_category":0},"_links":{"self":[{"href":"https:\/\/www.lacugulada.com\/es\/wp-json\/wp\/v2\/pages\/8721"}],"collection":[{"href":"https:\/\/www.lacugulada.com\/es\/wp-json\/wp\/v2\/pages"}],"about":[{"href":"https:\/\/www.lacugulada.com\/es\/wp-json\/wp\/v2\/types\/page"}],"author":[{"embeddable":true,"href":"https:\/\/www.lacugulada.com\/es\/wp-json\/wp\/v2\/users\/1"}],"replies":[{"embeddable":true,"href":"https:\/\/www.lacugulada.com\/es\/wp-json\/wp\/v2\/comments?post=8721"}],"version-history":[{"count":4,"href":"https:\/\/www.lacugulada.com\/es\/wp-json\/wp\/v2\/pages\/8721\/revisions"}],"predecessor-version":[{"id":9411,"href":"https:\/\/www.lacugulada.com\/es\/wp-json\/wp\/v2\/pages\/8721\/revisions\/9411"}],"wp:attachment":[{"href":"https:\/\/www.lacugulada.com\/es\/wp-json\/wp\/v2\/media?parent=8721"}],"curies":[{"name":"wp","href":"https:\/\/api.w.org\/{rel}","templated":true}]}}