{"id":9171,"date":"2014-04-19T02:52:06","date_gmt":"2014-04-19T02:52:06","guid":{"rendered":"http:\/\/www.lacugulada.com\/entorn\/"},"modified":"2023-03-08T07:55:13","modified_gmt":"2023-03-08T07:55:13","slug":"entorno","status":"publish","type":"page","link":"https:\/\/www.lacugulada.com\/es\/entorno\/","title":{"rendered":"Entorno"},"content":{"rendered":"<p>[vc_row][vc_column][pbr_title_heading title=\u00bbEntorno\u00bb subtitle2=\u00bbDescubre nuestro entorno y todo lo que puedes hacer\u00bb][\/vc_column][\/vc_row][vc_row css=\u00bb.vc_custom_1517371920451{padding-bottom: 50px !important;background-position: 0 0 !important;background-repeat: no-repeat !important;}\u00bb][vc_column css=\u00bb.vc_custom_1517372472105{margin-bottom: 30px !important;}\u00bb offset=\u00bbvc_col-lg-8 vc_col-md-12&#8243; el_class=\u00bbpadding-right-100&#8243;][vc_column_text]<\/p>\n<p style=\"text-align: justify;\">El Llu\u00e7an\u00e8s es una comarca natural entre Osona, el Bergud\u00e0 y el Bages. Su privilegiada situaci\u00f3n, lejos de los grandes ejes de comunicaci\u00f3n, le ha permitido mantener pr\u00e1cticamente intacto el esp\u00edritu de la Catalu\u00f1a interior. Desde el centro del Llu\u00e7an\u00e8s podemos ver las monta\u00f1as de Montserrat, el Pedraforca, el Montseny, el Cad\u00ed y el Pirineo.<br \/>\nLa huella de la industrializaci\u00f3n en el Llu\u00e7an\u00e8s es baja, a diferencia de las comarcas cercanas. El contacto con la natura, el hacer tradicional, el respeto por el entorno y la tranquilidad han es devenido los signos de identidad del Llu\u00e7an\u00e8s.<\/p>\n<p style=\"text-align: justify;\">Es en este entorno donde se sit\u00faa la casa rural de La Cugulada.<\/p>\n<p style=\"text-align: justify;\">Desde La Cugulada os proponemos este lugar para disfrutar de todo lo que ofrece el Llu\u00e7an\u00e8s y su entorno.<\/p>\n<p>[\/vc_column_text][\/vc_column][vc_column offset=\u00bbvc_col-lg-4 vc_col-md-12&#8243; css=\u00bb.vc_custom_1517371949710{margin-bottom: 30px !important;}\u00bb][vc_progress_bar values=\u00bb%5B%7B%22label%22%3A%22Rutas%22%2C%22value%22%3A%2290%22%7D%2C%7B%22label%22%3A%22Iglesias%22%2C%22value%22%3A%2280%22%7D%2C%7B%22label%22%3A%22Gastronom%C3%ADa%22%2C%22value%22%3A%2270%22%7D%5D\u00bb bgcolor=\u00bbcustom\u00bb options=\u00bbstriped,animated\u00bb custombgcolor=\u00bb#f1c40f\u00bb customtxtcolor=\u00bb#8c8c8c\u00bb][\/vc_column][\/vc_row][vc_row full_width=\u00bbstretch_row_content_no_spaces\u00bb][vc_column width=\u00bb1\/3&#8243;][vc_column_text]<\/p>\n<h5 style=\"text-align: center;\">EL ROC FORADAT A PRATS DE LLU\u00c7AN\u00c8S<\/h5>\n<p>[\/vc_column_text][vc_gallery type=\u00bbnivo\u00bb interval=\u00bb0&#8243; images=\u00bb8294,8678&#8243; img_size=\u00bb400X200&#8243;][vc_btn title=\u00bb+ Info\u00bb color=\u00bbinverse\u00bb align=\u00bbcenter\u00bb link=\u00bburl:https%3A%2F%2Fpratsdellucanes.cat%2Fturisme%2Fsenders-locals%2Froc-foradat%2F||target:%20_blank|\u00bb][\/vc_column][vc_column width=\u00bb1\/3&#8243;][vc_column_text]<\/p>\n<h5 style=\"text-align: center;\">LA RUTA DEL CASTELL DE LLU\u00c7\u00c0<\/h5>\n<p>[\/vc_column_text][vc_gallery type=\u00bbnivo\u00bb interval=\u00bb0&#8243; images=\u00bb8680,8295,8681&#8243; img_size=\u00bb400X200&#8243;][vc_btn title=\u00bb+ Info\u00bb color=\u00bbinverse\u00bb align=\u00bbcenter\u00bb link=\u00bburl:http%3A%2F%2Fpereroger.eu%2Frutes-2%2Fmiradors-de-la-comarca%2Fel-castell-de-lluca%2F||target:%20_blank|\u00bb][\/vc_column][vc_column width=\u00bb1\/3&#8243;][vc_column_text]<\/p>\n<h5 style=\"text-align: center;\">RIERA DE MERL\u00c8S<\/h5>\n<p>[\/vc_column_text][vc_gallery type=\u00bbnivo\u00bb interval=\u00bb0&#8243; images=\u00bb8649,8648,8647,8646,8644,8643,8642&#8243; img_size=\u00bb400X200&#8243;][vc_btn title=\u00bb+ Info\u00bb color=\u00bbinverse\u00bb align=\u00bbcenter\u00bb link=\u00bburl:http%3A%2F%2Fsantamariademerles.cat%2F||target:%20_blank|\u00bb][\/vc_column][\/vc_row][vc_row][vc_column][vc_empty_space][\/vc_column][\/vc_row][vc_row full_width=\u00bbstretch_row_content_no_spaces\u00bb][vc_column width=\u00bb1\/3&#8243;][vc_column_text]<\/p>\n<h5 style=\"text-align: center;\">LA RUTA DEL PANT\u00c0 DE GARET<\/h5>\n<p>[\/vc_column_text][vc_gallery type=\u00bbnivo\u00bb interval=\u00bb0&#8243; images=\u00bb8682,8296&#8243; img_size=\u00bb400X200&#8243;][\/vc_column][vc_column width=\u00bb1\/3&#8243;][vc_column_text]<\/p>\n<h5 style=\"text-align: center;\">DISSABTES DE MERCAT A VIC<\/h5>\n<p>[\/vc_column_text][vc_gallery type=\u00bbnivo\u00bb interval=\u00bb0&#8243; images=\u00bb8292&#8243; img_size=\u00bb400X200&#8243;][vc_btn title=\u00bb+ Info\u00bb color=\u00bbinverse\u00bb align=\u00bbcenter\u00bb link=\u00bburl:https%3A%2F%2Fwww.vic.cat%2F||target:%20_blank|\u00bb][\/vc_column][vc_column width=\u00bb1\/3&#8243;][vc_column_text]<\/p>\n<h5 style=\"text-align: center;\">LA RUTA DEL ROM\u00c0NIC AL LLU\u00c7AN\u00c8S<\/h5>\n<p>[\/vc_column_text][vc_gallery type=\u00bbnivo\u00bb interval=\u00bb0&#8243; images=\u00bb8293&#8243; img_size=\u00bb400X200&#8243;][vc_btn title=\u00bb+ Info\u00bb color=\u00bbinverse\u00bb align=\u00bbcenter\u00bb link=\u00bburl:http%3A%2F%2Fpereroger.eu%2Frutes-2%2Fruta-del-romanic-del-llucanes%2F||target:%20_blank|\u00bb][\/vc_column][\/vc_row][vc_row][vc_column][vc_empty_space][\/vc_column][\/vc_row][vc_row full_width=\u00bbstretch_row_content_no_spaces\u00bb][vc_column width=\u00bb1\/3&#8243;][vc_column_text]<\/p>\n<h5 style=\"text-align: center;\">LOURDES A PRATS DE LLU\u00c7AN\u00c8S<\/h5>\n<p>[\/vc_column_text][vc_gallery type=\u00bbnivo\u00bb interval=\u00bb0&#8243; images=\u00bb8677&#8243; img_size=\u00bb400X200&#8243;][vc_btn title=\u00bb+ Info\u00bb color=\u00bbinverse\u00bb align=\u00bbcenter\u00bb link=\u00bburl:https%3A%2F%2Fpratsdellucanes.cat%2Fturisme%2Fsenders-locals%2Fsantuari-de-lurdes%2F||target:%20_blank|\u00bb][\/vc_column][vc_column width=\u00bb1\/3&#8243;][vc_column_text]<\/p>\n<h5 style=\"text-align: center;\">MASIA CAMADOCA<\/h5>\n<p>[\/vc_column_text][vc_gallery type=\u00bbnivo\u00bb interval=\u00bb0&#8243; images=\u00bb8651&#8243; img_size=\u00bb400X200&#8243;][vc_btn title=\u00bb+ Info\u00bb color=\u00bbinverse\u00bb align=\u00bbcenter\u00bb link=\u00bburl:http%3A%2F%2Fwww.adeffa.cat%2F||target:%20_blank|\u00bb][\/vc_column][vc_column width=\u00bb1\/3&#8243;][vc_column_text]<\/p>\n<h5 style=\"text-align: center;\">EL SOLER DE N&#8217;HUG<\/h5>\n<p>[\/vc_column_text][vc_gallery type=\u00bbnivo\u00bb interval=\u00bb0&#8243; images=\u00bb9945,9949,9953,9937,9941,9957&#8243; img_size=\u00bb400X200&#8243;][vc_btn title=\u00bb+ Info\u00bb color=\u00bbinverse\u00bb align=\u00bbcenter\u00bb link=\u00bburl:http%3A%2F%2Fwww.lacugulada.com%2Fwp-content%2Fuploads%2F2023%2F03%2FEL-SOLER-DE-NHUG-CAST.pdf||target:%20_blank|\u00bb][\/vc_column][\/vc_row][vc_row][vc_column][vc_empty_space][\/vc_column][\/vc_row][vc_row full_width=\u00bbstretch_row_content_no_spaces\u00bb][vc_column width=\u00bb1\/3&#8243;][vc_column_text]<\/p>\n<h5 style=\"text-align: center;\">MAS GURUMBAU &#8211; GOLF | PITCH &amp; PUTT<\/h5>\n<p>[\/vc_column_text][vc_gallery type=\u00bbnivo\u00bb interval=\u00bb0&#8243; images=\u00bb9738&#8243; img_size=\u00bb400X200&#8243;][vc_btn title=\u00bbWeb\u00bb color=\u00bbinverse\u00bb align=\u00bbcenter\u00bb link=\u00bburl:http%3A%2F%2Fwww.masgurumbau.com%2F||target:%20_blank|\u00bb][\/vc_column][vc_column width=\u00bb1\/3&#8243;][vc_column_text]<\/p>\n<h5 style=\"text-align: center;\">M\u00d3N SANT BENET<\/h5>\n<p>[\/vc_column_text][vc_gallery type=\u00bbnivo\u00bb interval=\u00bb0&#8243; images=\u00bb9746,9750,9754&#8243; img_size=\u00bb400X200&#8243;][vc_btn title=\u00bbWeb\u00bb color=\u00bbinverse\u00bb align=\u00bbcenter\u00bb link=\u00bburl:https%3A%2F%2Fmonstbenet.com%2Fes%2F||target:%20_blank|\u00bb][\/vc_column][vc_column width=\u00bb1\/3&#8243;][vc_column_text]<\/p>\n<h5 style=\"text-align: center;\">ABADAL<\/h5>\n<p>[\/vc_column_text][vc_gallery type=\u00bbnivo\u00bb interval=\u00bb0&#8243; images=\u00bb9762,9766,9770,9774&#8243; img_size=\u00bb400X200&#8243;][vc_btn title=\u00bbCat\u00e1logo\u00bb color=\u00bbinverse\u00bb align=\u00bbcenter\u00bb link=\u00bburl:http%3A%2F%2Fwww.lacugulada.com%2Fwp-content%2Fuploads%2F2023%2F02%2FCat%C3%A0leg-enoturisme-Abadal.pdf||target:%20_blank|\u00bb][vc_btn title=\u00bbWeb\u00bb color=\u00bbinverse\u00bb align=\u00bbcenter\u00bb link=\u00bburl:https%3A%2F%2Fabadal.net%2Fes%2Fenoturismo%2F||target:%20_blank|\u00bb][\/vc_column][\/vc_row]<\/p>\n","protected":false},"excerpt":{"rendered":"<p>[vc_row][vc_column][pbr_title_heading title=\u00bbEntorno\u00bb subtitle2=\u00bbDescubre nuestro entorno y todo lo que puedes hacer\u00bb][\/vc_column][\/vc_row][vc_row css=\u00bb.vc_custom_1517371920451{padding-bottom: 50px !important;background-position: 0 0 !important;background-repeat: no-repeat !important;}\u00bb][vc_column css=\u00bb.vc_custom_1517372472105{margin-bottom: 30px !important;}\u00bb offset=\u00bbvc_col-lg-8 vc_col-md-12&#8243; el_class=\u00bbpadding-right-100&#8243;][vc_column_text] El Llu\u00e7an\u00e8s es una comarca natural entre Osona, el Bergud\u00e0 y el Bages. Su privilegiada situaci\u00f3n, lejos de los grandes ejes de comunicaci\u00f3n, le ha permitido mantener pr\u00e1cticamente intacto el &hellip; <a href=\"https:\/\/www.lacugulada.com\/es\/entorno\/\" class=\"more-link\">Continue reading <span class=\"screen-reader-text\">Entorno<\/span><span class=\"meta-nav\">&rarr;<\/span><\/a><\/p>\n","protected":false},"author":1,"featured_media":0,"parent":0,"menu_order":0,"comment_status":"closed","ping_status":"closed","template":"","meta":{"_monsterinsights_skip_tracking":false,"_monsterinsights_sitenote_active":false,"_monsterinsights_sitenote_note":"","_monsterinsights_sitenote_category":0},"_links":{"self":[{"href":"https:\/\/www.lacugulada.com\/es\/wp-json\/wp\/v2\/pages\/9171"}],"collection":[{"href":"https:\/\/www.lacugulada.com\/es\/wp-json\/wp\/v2\/pages"}],"about":[{"href":"https:\/\/www.lacugulada.com\/es\/wp-json\/wp\/v2\/types\/page"}],"author":[{"embeddable":true,"href":"https:\/\/www.lacugulada.com\/es\/wp-json\/wp\/v2\/users\/1"}],"replies":[{"embeddable":true,"href":"https:\/\/www.lacugulada.com\/es\/wp-json\/wp\/v2\/comments?post=9171"}],"version-history":[{"count":7,"href":"https:\/\/www.lacugulada.com\/es\/wp-json\/wp\/v2\/pages\/9171\/revisions"}],"predecessor-version":[{"id":9967,"href":"https:\/\/www.lacugulada.com\/es\/wp-json\/wp\/v2\/pages\/9171\/revisions\/9967"}],"wp:attachment":[{"href":"https:\/\/www.lacugulada.com\/es\/wp-json\/wp\/v2\/media?parent=9171"}],"curies":[{"name":"wp","href":"https:\/\/api.w.org\/{rel}","templated":true}]}}