{"id":9181,"date":"2014-03-18T05:03:59","date_gmt":"2014-03-18T05:03:59","guid":{"rendered":"http:\/\/www.lacugulada.com\/contactar\/"},"modified":"2019-05-10T09:19:05","modified_gmt":"2019-05-10T09:19:05","slug":"contactar","status":"publish","type":"page","link":"https:\/\/www.lacugulada.com\/es\/contactar\/","title":{"rendered":"Contactar"},"content":{"rendered":"<p>[vc_row full_width=\u00bbstretch_row_content_no_spaces\u00bb css=\u00bb.vc_custom_1525769827463{margin-top: -80px !important;}\u00bb][vc_column][vc_gmaps link=\u00bb#E-8_JTNDaWZyYW1lJTIwc3JjJTNEJTIyaHR0cHMlM0ElMkYlMkZ3d3cuZ29vZ2xlLmNvbSUyRm1hcHMlMkZlbWJlZCUzRnBiJTNEJTIxMW0xOCUyMTFtMTIlMjExbTMlMjExZDI5NjQuNjA1NDQyODY1MDY5JTIxMmQyLjAyODU3ODIxNTUwMDYzNDclMjEzZDQyLjAwODc0MjU2OTc4MjQ4JTIxMm0zJTIxMWYwJTIxMmYwJTIxM2YwJTIxM20yJTIxMWkxMDI0JTIxMmk3NjglMjE0ZjEzLjElMjEzbTMlMjExbTIlMjExczB4MTJhNTFiYTdhMjcyOTY3NSUyNTNBMHg4YzlmMzFlZTBlZWRiZGVjJTIxMnNMYSUyQkN1Z3VsYWRhJTI1MkMlMkJjYXNhJTJCcnVyYWwlMjE1ZTAlMjEzbTIlMjExc2VzJTIxMnNlcyUyMTR2MTUyMTcxOTgwNzI1MCUyMiUyMHdpZHRoJTNEJTIyNjAwJTIyJTIwaGVpZ2h0JTNEJTIyNDUwJTIyJTIwZnJhbWVib3JkZXIlM0QlMjIwJTIyJTIwc3R5bGUlM0QlMjJib3JkZXIlM0EwJTIyJTIwYWxsb3dmdWxsc2NyZWVuJTNFJTNDJTJGaWZyYW1lJTNF\u00bb][\/vc_column][\/vc_row][vc_row css=\u00bb.vc_custom_1518075609876{padding-top: 50px !important;padding-bottom: 50px !important;}\u00bb][vc_column width=\u00bb1\/3&#8243; css=\u00bb.vc_custom_1517975643416{margin-bottom: 30px !important;}\u00bb][pbr_title_heading title=\u00bbCont\u00e1ctanos\u00bb alignment=\u00bbtext-left\u00bb][vc_column_text el_class=\u00bbcontact-infor\u00bb]<\/p>\n<h4>Carretera BV-4401 de Prats a Nav\u00e0s km 17<br \/>\nPer la C-25 sortida 170 (Olost \u2013 Prats de Llu\u00e7an\u00e8s)<\/h4>\n<p><i class=\"fa fa-phone\"><\/i><strong>Tel\u00e9fono:<\/strong> 605 186 274<br \/>\n<i class=\"fa fa-envelope\"><\/i><strong>E-mail:<\/strong> info@lacugulada.com[\/vc_column_text][\/vc_column][vc_column width=\u00bb2\/3&#8243; el_class=\u00bbpadding-left-100&#8243; css=\u00bb.vc_custom_1518076003186{margin-bottom: 30px !important;}\u00bb][pbr_title_heading title=\u00bbEnv\u00edanos un mensaje\u00bb alignment=\u00bbtext-left\u00bb]\n<div class=\"wpcf7 no-js\" id=\"wpcf7-f9265-o1\" lang=\"en-US\" dir=\"ltr\">\n<div class=\"screen-reader-response\"><p role=\"status\" aria-live=\"polite\" aria-atomic=\"true\"><\/p> <ul><\/ul><\/div>\n<form action=\"\/es\/wp-json\/wp\/v2\/pages\/9181#wpcf7-f9265-o1\" method=\"post\" class=\"wpcf7-form init\" aria-label=\"Contact form\" novalidate=\"novalidate\" data-status=\"init\">\n<div style=\"display: none;\">\n<input type=\"hidden\" name=\"_wpcf7\" value=\"9265\" \/>\n<input type=\"hidden\" name=\"_wpcf7_version\" value=\"5.7.4\" \/>\n<input type=\"hidden\" name=\"_wpcf7_locale\" value=\"en_US\" \/>\n<input type=\"hidden\" name=\"_wpcf7_unit_tag\" value=\"wpcf7-f9265-o1\" \/>\n<input type=\"hidden\" name=\"_wpcf7_container_post\" value=\"0\" \/>\n<input type=\"hidden\" name=\"_wpcf7_posted_data_hash\" value=\"\" \/>\n<input type=\"hidden\" name=\"_wpcf7_recaptcha_response\" value=\"\" \/>\n<\/div>\n<div class=\"row\">\n\t<div class=\"col-md-12\">\n\t\t<p><span class=\"wpcf7-form-control-wrap\" data-name=\"text-178\"><input size=\"40\" class=\"wpcf7-form-control wpcf7-text wpcf7-validates-as-required form-control\" aria-required=\"true\" aria-invalid=\"false\" placeholder=\"Nombre*\" value=\"\" type=\"text\" name=\"text-178\" \/><\/span>\n\t\t<\/p>\n\t<\/div>\n\t<div class=\"col-md-6\">\n\t\t<p><span class=\"wpcf7-form-control-wrap\" data-name=\"email-765\"><input size=\"40\" class=\"wpcf7-form-control wpcf7-text wpcf7-email wpcf7-validates-as-required wpcf7-validates-as-email form-control\" aria-required=\"true\" aria-invalid=\"false\" placeholder=\"E-mail*\" value=\"\" type=\"email\" name=\"email-765\" \/><\/span>\n\t\t<\/p>\n\t<\/div>\n\t<div class=\"col-md-6\">\n\t\t<p><span class=\"wpcf7-form-control-wrap\" data-name=\"tel-410\"><input size=\"40\" class=\"wpcf7-form-control wpcf7-text wpcf7-tel wpcf7-validates-as-tel form-control\" aria-invalid=\"false\" placeholder=\"Tel\u00e9fono\" value=\"\" type=\"tel\" name=\"tel-410\" \/><\/span>\n\t\t<\/p>\n\t<\/div>\n\t<div class=\"col-md-6\">\n\t\t<p><span class=\"wpcf7-form-control-wrap\" data-name=\"dataentrada\"><input class=\"wpcf7-form-control wpcf7-date wpcf7-validates-as-date form-control\" aria-invalid=\"false\" placeholder=\"Fecha entrada\" value=\"\" type=\"date\" name=\"dataentrada\" \/><\/span>\n\t\t<\/p>\n\t<\/div>\n\t<div class=\"col-md-6\">\n\t\t<p><span class=\"wpcf7-form-control-wrap\" data-name=\"datasortida\"><input class=\"wpcf7-form-control wpcf7-date wpcf7-validates-as-date form-control\" aria-invalid=\"false\" placeholder=\"Fecha salida\" value=\"\" type=\"date\" name=\"datasortida\" \/><\/span>\n\t\t<\/p>\n\t<\/div>\n<\/div>\n<p><span class=\"wpcf7-form-control-wrap\" data-name=\"textarea-634\"><textarea cols=\"40\" rows=\"10\" class=\"wpcf7-form-control wpcf7-textarea form-control\" aria-invalid=\"false\" placeholder=\"Mensaje\" name=\"textarea-634\"><\/textarea><\/span>\n<\/p>\n\n<p><input class=\"wpcf7-form-control has-spinner wpcf7-submit btn-default btn btn-lg\" type=\"submit\" value=\"Enviar\" \/>\n<\/p><div class=\"wpcf7-response-output\" aria-hidden=\"true\"><\/div>\n<\/form>\n<\/div>\n[\/vc_column][\/vc_row]<\/p>\n","protected":false},"excerpt":{"rendered":"<p>[vc_row full_width=\u00bbstretch_row_content_no_spaces\u00bb css=\u00bb.vc_custom_1525769827463{margin-top: -80px !important;}\u00bb][vc_column][vc_gmaps link=\u00bb#E-8_JTNDaWZyYW1lJTIwc3JjJTNEJTIyaHR0cHMlM0ElMkYlMkZ3d3cuZ29vZ2xlLmNvbSUyRm1hcHMlMkZlbWJlZCUzRnBiJTNEJTIxMW0xOCUyMTFtMTIlMjExbTMlMjExZDI5NjQuNjA1NDQyODY1MDY5JTIxMmQyLjAyODU3ODIxNTUwMDYzNDclMjEzZDQyLjAwODc0MjU2OTc4MjQ4JTIxMm0zJTIxMWYwJTIxMmYwJTIxM2YwJTIxM20yJTIxMWkxMDI0JTIxMmk3NjglMjE0ZjEzLjElMjEzbTMlMjExbTIlMjExczB4MTJhNTFiYTdhMjcyOTY3NSUyNTNBMHg4YzlmMzFlZTBlZWRiZGVjJTIxMnNMYSUyQkN1Z3VsYWRhJTI1MkMlMkJjYXNhJTJCcnVyYWwlMjE1ZTAlMjEzbTIlMjExc2VzJTIxMnNlcyUyMTR2MTUyMTcxOTgwNzI1MCUyMiUyMHdpZHRoJTNEJTIyNjAwJTIyJTIwaGVpZ2h0JTNEJTIyNDUwJTIyJTIwZnJhbWVib3JkZXIlM0QlMjIwJTIyJTIwc3R5bGUlM0QlMjJib3JkZXIlM0EwJTIyJTIwYWxsb3dmdWxsc2NyZWVuJTNFJTNDJTJGaWZyYW1lJTNF\u00bb][\/vc_column][\/vc_row][vc_row css=\u00bb.vc_custom_1518075609876{padding-top: 50px !important;padding-bottom: 50px !important;}\u00bb][vc_column width=\u00bb1\/3&#8243; css=\u00bb.vc_custom_1517975643416{margin-bottom: 30px !important;}\u00bb][pbr_title_heading title=\u00bbCont\u00e1ctanos\u00bb alignment=\u00bbtext-left\u00bb][vc_column_text el_class=\u00bbcontact-infor\u00bb] Carretera BV-4401 de Prats a Nav\u00e0s km 17 Per la C-25 sortida 170 (Olost \u2013 Prats de Llu\u00e7an\u00e8s) Tel\u00e9fono: 605 186 274 E-mail: info@lacugulada.com[\/vc_column_text][\/vc_column][vc_column width=\u00bb2\/3&#8243; el_class=\u00bbpadding-left-100&#8243; css=\u00bb.vc_custom_1518076003186{margin-bottom: 30px !important;}\u00bb][pbr_title_heading title=\u00bbEnv\u00edanos un mensaje\u00bb alignment=\u00bbtext-left\u00bb][\/vc_column][\/vc_row]<\/p>\n","protected":false},"author":1,"featured_media":0,"parent":0,"menu_order":0,"comment_status":"closed","ping_status":"closed","template":"","meta":{"_monsterinsights_skip_tracking":false,"_monsterinsights_sitenote_active":false,"_monsterinsights_sitenote_note":"","_monsterinsights_sitenote_category":0},"_links":{"self":[{"href":"https:\/\/www.lacugulada.com\/es\/wp-json\/wp\/v2\/pages\/9181"}],"collection":[{"href":"https:\/\/www.lacugulada.com\/es\/wp-json\/wp\/v2\/pages"}],"about":[{"href":"https:\/\/www.lacugulada.com\/es\/wp-json\/wp\/v2\/types\/page"}],"author":[{"embeddable":true,"href":"https:\/\/www.lacugulada.com\/es\/wp-json\/wp\/v2\/users\/1"}],"replies":[{"embeddable":true,"href":"https:\/\/www.lacugulada.com\/es\/wp-json\/wp\/v2\/comments?post=9181"}],"version-history":[{"count":2,"href":"https:\/\/www.lacugulada.com\/es\/wp-json\/wp\/v2\/pages\/9181\/revisions"}],"predecessor-version":[{"id":9276,"href":"https:\/\/www.lacugulada.com\/es\/wp-json\/wp\/v2\/pages\/9181\/revisions\/9276"}],"wp:attachment":[{"href":"https:\/\/www.lacugulada.com\/es\/wp-json\/wp\/v2\/media?parent=9181"}],"curies":[{"name":"wp","href":"https:\/\/api.w.org\/{rel}","templated":true}]}}