{"id":9335,"date":"2018-05-04T08:52:37","date_gmt":"2018-05-04T08:52:37","guid":{"rendered":"http:\/\/www.lacugulada.com\/empreses\/"},"modified":"2019-05-15T15:37:37","modified_gmt":"2019-05-15T15:37:37","slug":"empreses","status":"publish","type":"page","link":"https:\/\/www.lacugulada.com\/fr\/empreses\/","title":{"rendered":"Entreprises"},"content":{"rendered":"<p>[vc_row css=\u00a0\u00bb.vc_custom_1517817690880{background-image: url(\/\/localhost:8888\/wordpress\/wp_strollik_v2\/wp-content\/uploads\/2015\/01\/background1.jpg?id=7164) !important;background-position: 0 0 !important;background-repeat: no-repeat !important;}\u00a0\u00bb][vc_column css=\u00a0\u00bb.vc_custom_1517371806431{padding-right: 100px !important;}\u00a0\u00bb][\/vc_column][\/vc_row][vc_row css=\u00a0\u00bb.vc_custom_1517371920451{padding-bottom: 50px !important;background-position: 0 0 !important;background-repeat: no-repeat !important;}\u00a0\u00bb][vc_column css=\u00a0\u00bb.vc_custom_1517372472105{margin-bottom: 30px !important;}\u00a0\u00bb offset=\u00a0\u00bbvc_col-lg-8 vc_col-md-12&Prime; el_class=\u00a0\u00bbpadding-right-100&Prime;][pbr_title_heading title=\u00a0\u00bbSalle de r\u00e9unions\u00a0\u00bb subtitle2=\u00a0\u00bbLa Cugulada\u00a0\u00bb style=\u00a0\u00bbheading-style1&Prime; alignment=\u00a0\u00bbtext-left\u00a0\u00bb subtitle=\u00a0\u00bbabout villa vogelsang\u00a0\u00bb][vc_column_text]<\/p>\n<p style=\"font-size: 18px; margin-bottom: 25px; text-align: justify;\">La maison rurale de La Cugulada offre des espaces id\u00e9aux pour les r\u00e9unions de travail et les s\u00e9jours de travail, car l\u2019environnement naturel procure la d\u00e9tente n\u00e9cessaire \u00e0 la concentration.<br \/>\nLa Cugulada convient \u00e9galement aux cours de formation, \u00e0 la pr\u00e9sentation de projets d\u2019entreprise, aux stages de coaching, aux cours de langue intensifs, aux ateliers de th\u00e9rapie alternative, etc.<br \/>\n.<\/p>\n<p>[\/vc_column_text][\/vc_column][vc_column offset=\u00a0\u00bbvc_col-lg-4 vc_col-md-12&Prime; css=\u00a0\u00bb.vc_custom_1517371949710{margin-bottom: 30px !important;}\u00a0\u00bb][vc_row_inner][vc_column_inner width=\u00a0\u00bb1\/2&Prime;][pbr_counter title=\u00a0\u00bbM\u00b2\u00a0\u00bb number=\u00a0\u00bb20&Prime; icon=\u00a0\u00bbfa-home\u00a0\u00bb layout=\u00a0\u00bbv1&Prime;][pbr_counter title=\u00a0\u00bb\u00c9cran de projection\u00a0\u00bb number=\u00a0\u00bb1&Prime; icon=\u00a0\u00bbfa-window-maximize\u00a0\u00bb layout=\u00a0\u00bbv1&Prime;][\/vc_column_inner][vc_column_inner width=\u00a0\u00bb1\/2&Prime;][pbr_counter title=\u00a0\u00bbTables modulaires\u00a0\u00bb number=\u00a0\u00bb6&Prime; icon=\u00a0\u00bbfa-inbox\u00a0\u00bb layout=\u00a0\u00bbv1&Prime;][pbr_counter title=\u00a0\u00bbTV\u00a0\u00bb number=\u00a0\u00bb1&Prime; icon=\u00a0\u00bbfa-tv\u00a0\u00bb layout=\u00a0\u00bbv1&Prime;][\/vc_column_inner][\/vc_row_inner][\/vc_column][\/vc_row][vc_row full_width=\u00a0\u00bbstretch_row_content_no_spaces\u00a0\u00bb][vc_column][pbr_gallery_grid columns=\u00a0\u00bb5&Prime; nopadding=\u00a0\u00bb1&Prime; galleries=\u00a0\u00bb8256,8260,8254,8261,8257,8253,8252,8263,8264,8618&Prime;][\/vc_column][\/vc_row][vc_row full_width=\u00a0\u00bbstretch_row\u00a0\u00bb css=\u00a0\u00bb.vc_custom_1525254947979{padding-bottom: 50px !important;background-color: #221e1f !important;}\u00a0\u00bb][vc_column css=\u00a0\u00bb.vc_custom_1516421234342{padding-top: 100px !important;padding-bottom: 70px !important;}\u00a0\u00bb][pbr_title_heading title=\u00a0\u00bbComentaires \u00a0\u00bb subtitle2=\u00a0\u00bbde nos clients\u00a0\u00bb style=\u00a0\u00bbheading-style1&Prime; alignment=\u00a0\u00bbtext-left\u00a0\u00bb subtitle=\u00a0\u00bbHappy customer\u00a0\u00bb el_class=\u00a0\u00bbwhite\u00a0\u00bb][pbr_testimonials number=\u00a0\u00bb3&Prime; columns=\u00a0\u00bb3&Prime; layout=\u00a0\u00bbv2&Prime;][\/vc_column][\/vc_row]<\/p>\n","protected":false},"excerpt":{"rendered":"<p>[vc_row css=\u00a0\u00bb.vc_custom_1517817690880{background-image: url(\/\/localhost:8888\/wordpress\/wp_strollik_v2\/wp-content\/uploads\/2015\/01\/background1.jpg?id=7164) !important;background-position: 0 0 !important;background-repeat: no-repeat !important;}\u00a0\u00bb][vc_column css=\u00a0\u00bb.vc_custom_1517371806431{padding-right: 100px !important;}\u00a0\u00bb][\/vc_column][\/vc_row][vc_row css=\u00a0\u00bb.vc_custom_1517371920451{padding-bottom: 50px !important;background-position: 0 0 !important;background-repeat: no-repeat !important;}\u00a0\u00bb][vc_column css=\u00a0\u00bb.vc_custom_1517372472105{margin-bottom: 30px !important;}\u00a0\u00bb offset=\u00a0\u00bbvc_col-lg-8 vc_col-md-12&Prime; el_class=\u00a0\u00bbpadding-right-100&Prime;][pbr_title_heading title=\u00a0\u00bbSalle de r\u00e9unions\u00a0\u00bb subtitle2=\u00a0\u00bbLa Cugulada\u00a0\u00bb style=\u00a0\u00bbheading-style1&Prime; alignment=\u00a0\u00bbtext-left\u00a0\u00bb subtitle=\u00a0\u00bbabout villa vogelsang\u00a0\u00bb][vc_column_text] La maison rurale de La Cugulada offre des espaces id\u00e9aux pour les r\u00e9unions de travail et les s\u00e9jours de &hellip; <a href=\"https:\/\/www.lacugulada.com\/fr\/empreses\/\" class=\"more-link\">Continue reading <span class=\"screen-reader-text\">Entreprises<\/span><span class=\"meta-nav\">&rarr;<\/span><\/a><\/p>\n","protected":false},"author":1,"featured_media":0,"parent":0,"menu_order":0,"comment_status":"closed","ping_status":"closed","template":"","meta":{"_monsterinsights_skip_tracking":false,"_monsterinsights_sitenote_active":false,"_monsterinsights_sitenote_note":"","_monsterinsights_sitenote_category":0},"_links":{"self":[{"href":"https:\/\/www.lacugulada.com\/fr\/wp-json\/wp\/v2\/pages\/9335"}],"collection":[{"href":"https:\/\/www.lacugulada.com\/fr\/wp-json\/wp\/v2\/pages"}],"about":[{"href":"https:\/\/www.lacugulada.com\/fr\/wp-json\/wp\/v2\/types\/page"}],"author":[{"embeddable":true,"href":"https:\/\/www.lacugulada.com\/fr\/wp-json\/wp\/v2\/users\/1"}],"replies":[{"embeddable":true,"href":"https:\/\/www.lacugulada.com\/fr\/wp-json\/wp\/v2\/comments?post=9335"}],"version-history":[{"count":3,"href":"https:\/\/www.lacugulada.com\/fr\/wp-json\/wp\/v2\/pages\/9335\/revisions"}],"predecessor-version":[{"id":9429,"href":"https:\/\/www.lacugulada.com\/fr\/wp-json\/wp\/v2\/pages\/9335\/revisions\/9429"}],"wp:attachment":[{"href":"https:\/\/www.lacugulada.com\/fr\/wp-json\/wp\/v2\/media?parent=9335"}],"curies":[{"name":"wp","href":"https:\/\/api.w.org\/{rel}","templated":true}]}}