{"id":9382,"date":"2014-09-15T02:03:26","date_gmt":"2014-09-15T02:03:26","guid":{"rendered":"http:\/\/www.lacugulada.com\/tarifes\/"},"modified":"2020-11-19T10:45:57","modified_gmt":"2020-11-19T10:45:57","slug":"tarifes","status":"publish","type":"page","link":"https:\/\/www.lacugulada.com\/fr\/tarifes\/","title":{"rendered":"Prix"},"content":{"rendered":"<p>[vc_row][vc_column][vc_column_text]<\/p>\n<p style=\"text-align: justify;\">[\/vc_column_text][\/vc_column][\/vc_row][vc_row css=\u00a0\u00bb.vc_custom_1437020612926{margin-bottom: 40px !important;}\u00a0\u00bb][vc_column][pbr_title_heading title=\u00a0\u00bbPrix\u00a0\u00bb subtitle2=\u00a0\u00bbLa Cugulada\u00a0\u00bb style=\u00a0\u00bbheading-style1&Prime; alignment=\u00a0\u00bbtext-left\u00a0\u00bb][vc_column_text]<span style=\"font-size: 18px;\"><span style=\"font-size: 18px;\">La Cugulada propose des s\u00e9jours de week-end, en semaine et tout au long de la semaine.<br \/>\nPrix sp\u00e9ciaux pour entreprises et groupes.<br \/>\nV\u00e9rifiez les prix en utilisant le formulaire suivant.<\/span><\/span>[\/vc_column_text][\/vc_column][\/vc_row][vc_row css=\u00a0\u00bb.vc_custom_1437020612926{margin-bottom: 40px !important;}\u00a0\u00bb][vc_column]\n<div class=\"wpcf7 no-js\" id=\"wpcf7-f9609-o1\" lang=\"en-US\" dir=\"ltr\">\n<div class=\"screen-reader-response\"><p role=\"status\" aria-live=\"polite\" aria-atomic=\"true\"><\/p> <ul><\/ul><\/div>\n<form action=\"\/fr\/wp-json\/wp\/v2\/pages\/9382#wpcf7-f9609-o1\" method=\"post\" class=\"wpcf7-form init\" aria-label=\"Contact form\" novalidate=\"novalidate\" data-status=\"init\">\n<div style=\"display: none;\">\n<input type=\"hidden\" name=\"_wpcf7\" value=\"9609\" \/>\n<input type=\"hidden\" name=\"_wpcf7_version\" value=\"5.7.4\" \/>\n<input type=\"hidden\" name=\"_wpcf7_locale\" value=\"en_US\" \/>\n<input type=\"hidden\" name=\"_wpcf7_unit_tag\" value=\"wpcf7-f9609-o1\" \/>\n<input type=\"hidden\" name=\"_wpcf7_container_post\" value=\"0\" \/>\n<input type=\"hidden\" name=\"_wpcf7_posted_data_hash\" value=\"\" \/>\n<input type=\"hidden\" name=\"_wpcf7_recaptcha_response\" value=\"\" \/>\n<\/div>\n<div class=\"row\">\n\t<div class=\"col-md-12\">\n\t\t<p><span class=\"wpcf7-form-control-wrap\" data-name=\"text-178\"><input size=\"40\" class=\"wpcf7-form-control wpcf7-text wpcf7-validates-as-required form-control\" aria-required=\"true\" aria-invalid=\"false\" placeholder=\"Nom*\" value=\"\" type=\"text\" name=\"text-178\" \/><\/span>\n\t\t<\/p>\n\t<\/div>\n\t<div class=\"col-md-6\">\n\t\t<p><span class=\"wpcf7-form-control-wrap\" data-name=\"email-765\"><input size=\"40\" class=\"wpcf7-form-control wpcf7-text wpcf7-email wpcf7-validates-as-required wpcf7-validates-as-email form-control\" aria-required=\"true\" aria-invalid=\"false\" placeholder=\"E-mail*\" value=\"\" type=\"email\" name=\"email-765\" \/><\/span>\n\t\t<\/p>\n\t<\/div>\n\t<div class=\"col-md-6\">\n\t\t<p><span class=\"wpcf7-form-control-wrap\" data-name=\"tel-410\"><input size=\"40\" class=\"wpcf7-form-control wpcf7-text wpcf7-tel wpcf7-validates-as-tel form-control\" aria-invalid=\"false\" placeholder=\"T\u00e9l\u00e9phone\" value=\"\" type=\"tel\" name=\"tel-410\" \/><\/span>\n\t\t<\/p>\n\t<\/div>\n\t<p><span class=\"wpcf7-form-control-wrap\" data-name=\"textarea-634\"><textarea cols=\"40\" rows=\"10\" class=\"wpcf7-form-control wpcf7-textarea form-control\" aria-invalid=\"false\" placeholder=\"Message\" name=\"textarea-634\"><\/textarea><\/span>\n\t<\/p>\n\n\t<p><input class=\"wpcf7-form-control has-spinner wpcf7-submit btn-default btn btn-lg\" type=\"submit\" value=\"Envoyer\" \/>\n\t<\/p>\n<\/div><div class=\"wpcf7-response-output\" aria-hidden=\"true\"><\/div>\n<\/form>\n<\/div>\n[\/vc_column][\/vc_row][vc_row css=\u00a0\u00bb.vc_custom_1437020612926{margin-bottom: 40px !important;}\u00a0\u00bb][vc_column][vc_empty_space height=\u00a0\u00bb60px\u00a0\u00bb][\/vc_column][\/vc_row][vc_row css=\u00a0\u00bb.vc_custom_1553276294593{margin-bottom: 40px !important;}\u00a0\u00bb][\/vc_row][vc_column][\/vc_column][pbr_title_heading title=\u00a0\u00bbDisponibilit\u00e9\u00a0\u00bb subtitle2=\u00a0\u00bbLa Cugulada\u00a0\u00bb style=\u00a0\u00bbheading-style1&Prime; alignment=\u00a0\u00bbtext-left\u00a0\u00bb][vc_column_text]<\/p>\n<div style=\"background: #FFFFFF; width: 685px; height: 335px;\"><script type=\"text\/javascript\" src=\"https:\/\/www.escapadarural.com\/widget-js\/5fb64c652cb1b\"><\/script><\/p>\n<div style=\"font: normal 10px arial; color: #353535; text-align: right;\"><a style=\"font: normal 10px arial; text-decoration: none; color: #353535;\" title=\"EscapadaRural.com\" href=\"https:\/\/www.escapadarural.com\" target=\"_blank\" rel=\"nofollow noopener\">EscapadaRural.com<\/a><\/div>\n<\/div>\n<p>[\/vc_column_text]<\/p>\n","protected":false},"excerpt":{"rendered":"<p>[vc_row][vc_column][vc_column_text] [\/vc_column_text][\/vc_column][\/vc_row][vc_row css=\u00a0\u00bb.vc_custom_1437020612926{margin-bottom: 40px !important;}\u00a0\u00bb][vc_column][pbr_title_heading title=\u00a0\u00bbPrix\u00a0\u00bb subtitle2=\u00a0\u00bbLa Cugulada\u00a0\u00bb style=\u00a0\u00bbheading-style1&Prime; alignment=\u00a0\u00bbtext-left\u00a0\u00bb][vc_column_text]La Cugulada propose des s\u00e9jours de week-end, en semaine et tout au long de la semaine. Prix sp\u00e9ciaux pour entreprises et groupes. V\u00e9rifiez les prix en utilisant le formulaire suivant.[\/vc_column_text][\/vc_column][\/vc_row][vc_row css=\u00a0\u00bb.vc_custom_1437020612926{margin-bottom: 40px !important;}\u00a0\u00bb][vc_column][\/vc_column][\/vc_row][vc_row css=\u00a0\u00bb.vc_custom_1437020612926{margin-bottom: 40px !important;}\u00a0\u00bb][vc_column][vc_empty_space height=\u00a0\u00bb60px\u00a0\u00bb][\/vc_column][\/vc_row][vc_row css=\u00a0\u00bb.vc_custom_1553276294593{margin-bottom: 40px !important;}\u00a0\u00bb][\/vc_row][vc_column][\/vc_column][pbr_title_heading title=\u00a0\u00bbDisponibilit\u00e9\u00a0\u00bb subtitle2=\u00a0\u00bbLa Cugulada\u00a0\u00bb style=\u00a0\u00bbheading-style1&Prime; alignment=\u00a0\u00bbtext-left\u00a0\u00bb][vc_column_text] EscapadaRural.com &hellip; <a href=\"https:\/\/www.lacugulada.com\/fr\/tarifes\/\" class=\"more-link\">Continue reading <span class=\"screen-reader-text\">Prix<\/span><span class=\"meta-nav\">&rarr;<\/span><\/a><\/p>\n","protected":false},"author":1,"featured_media":0,"parent":0,"menu_order":0,"comment_status":"closed","ping_status":"closed","template":"","meta":{"_monsterinsights_skip_tracking":false,"_monsterinsights_sitenote_active":false,"_monsterinsights_sitenote_note":"","_monsterinsights_sitenote_category":0},"_links":{"self":[{"href":"https:\/\/www.lacugulada.com\/fr\/wp-json\/wp\/v2\/pages\/9382"}],"collection":[{"href":"https:\/\/www.lacugulada.com\/fr\/wp-json\/wp\/v2\/pages"}],"about":[{"href":"https:\/\/www.lacugulada.com\/fr\/wp-json\/wp\/v2\/types\/page"}],"author":[{"embeddable":true,"href":"https:\/\/www.lacugulada.com\/fr\/wp-json\/wp\/v2\/users\/1"}],"replies":[{"embeddable":true,"href":"https:\/\/www.lacugulada.com\/fr\/wp-json\/wp\/v2\/comments?post=9382"}],"version-history":[{"count":8,"href":"https:\/\/www.lacugulada.com\/fr\/wp-json\/wp\/v2\/pages\/9382\/revisions"}],"predecessor-version":[{"id":9694,"href":"https:\/\/www.lacugulada.com\/fr\/wp-json\/wp\/v2\/pages\/9382\/revisions\/9694"}],"wp:attachment":[{"href":"https:\/\/www.lacugulada.com\/fr\/wp-json\/wp\/v2\/media?parent=9382"}],"curies":[{"name":"wp","href":"https:\/\/api.w.org\/{rel}","templated":true}]}}