{"id":9397,"date":"2014-04-19T02:52:06","date_gmt":"2014-04-19T02:52:06","guid":{"rendered":"http:\/\/www.lacugulada.com\/entorn\/"},"modified":"2023-03-08T07:57:41","modified_gmt":"2023-03-08T07:57:41","slug":"environement","status":"publish","type":"page","link":"https:\/\/www.lacugulada.com\/fr\/environement\/","title":{"rendered":"Environement"},"content":{"rendered":"<p>[vc_row][vc_column][pbr_title_heading title=\u00a0\u00bbEnvironnement\u00a0\u00bb subtitle2=\u00a0\u00bbD\u00e9couvrez notre environnement et tout ce que vous puvez faire\u00a0\u00bb][\/vc_column][\/vc_row][vc_row css=\u00a0\u00bb.vc_custom_1517371920451{padding-bottom: 50px !important;background-position: 0 0 !important;background-repeat: no-repeat !important;}\u00a0\u00bb][vc_column css=\u00a0\u00bb.vc_custom_1517372472105{margin-bottom: 30px !important;}\u00a0\u00bb offset=\u00a0\u00bbvc_col-lg-8 vc_col-md-12&Prime; el_class=\u00a0\u00bbpadding-right-100&Prime;][vc_column_text]<\/p>\n<p style=\"font-size: 18px; margin-bottom: 25px; text-align: justify;\">Le Llu\u00e7an\u00e8s est une r\u00e9gion naturelle situ\u00e9e entre Osona, Bergud\u00e0 et Bages. Son emplacement privil\u00e9gi\u00e9, loin des principales voies de communication, lui a permis de maintenir pratiquement intact l&rsquo;esprit de la Catalogne int\u00e9rieure. Du centre de Llu\u00e7an\u00e8s, on peut voir les montagnes de Montserrat, Pedraforca, Montseny, Cad\u00ed et les Pyr\u00e9n\u00e9es.<br \/>\nL\u2019empreinte industrielle de Llu\u00e7an\u00e8s est faible, contrairement aux comt\u00e9s voisins. Le contact avec la nature, les pratiques traditionnelles, le respect de l&rsquo;environnement et la tranquillit\u00e9 sont devenus les signes de l&rsquo;identit\u00e9 de Llu\u00e7an\u00e8s.<\/p>\n<p style=\"font-size: 18px; margin-bottom: 25px; text-align: justify;\">C&rsquo;est dans cet environnement que se situe la maison rurale de La Cugulada.<\/p>\n<p style=\"font-size: 18px; margin-bottom: 25px; text-align: justify;\">De La Cugulada nous proposons ce lieu.<\/p>\n<p>[\/vc_column_text][\/vc_column][vc_column offset=\u00a0\u00bbvc_col-lg-4 vc_col-md-12&Prime; css=\u00a0\u00bb.vc_custom_1517371949710{margin-bottom: 30px !important;}\u00a0\u00bb][vc_progress_bar values=\u00a0\u00bb%5B%7B%22label%22%3A%22Itin%C3%A9raires%22%2C%22value%22%3A%2290%22%7D%2C%7B%22label%22%3A%22%C3%89glises%22%2C%22value%22%3A%2280%22%7D%2C%7B%22label%22%3A%22Gastronomie%22%2C%22value%22%3A%2270%22%7D%5D\u00a0\u00bb bgcolor=\u00a0\u00bbcustom\u00a0\u00bb options=\u00a0\u00bbstriped,animated\u00a0\u00bb custombgcolor=\u00a0\u00bb#f1c40f\u00a0\u00bb customtxtcolor=\u00a0\u00bb#8c8c8c\u00a0\u00bb][\/vc_column][\/vc_row][vc_row full_width=\u00a0\u00bbstretch_row_content_no_spaces\u00a0\u00bb][vc_column width=\u00a0\u00bb1\/3&Prime;][vc_column_text]<\/p>\n<h5 style=\"text-align: center;\">EL ROC FORADAT A PRATS DE LLU\u00c7AN\u00c8S<\/h5>\n<p>[\/vc_column_text][vc_gallery type=\u00a0\u00bbnivo\u00a0\u00bb interval=\u00a0\u00bb0&Prime; images=\u00a0\u00bb8294,8678&Prime; img_size=\u00a0\u00bb400X200&Prime;][vc_btn title=\u00a0\u00bb+ Info\u00a0\u00bb color=\u00a0\u00bbinverse\u00a0\u00bb align=\u00a0\u00bbcenter\u00a0\u00bb link=\u00a0\u00bburl:https%3A%2F%2Fpratsdellucanes.cat%2Fturisme%2Fsenders-locals%2Froc-foradat%2F||target:%20_blank|\u00a0\u00bb][\/vc_column][vc_column width=\u00a0\u00bb1\/3&Prime;][vc_column_text]<\/p>\n<h5 style=\"text-align: center;\">LA RUTA DEL CASTELL DE LLU\u00c7\u00c0<\/h5>\n<p>[\/vc_column_text][vc_gallery type=\u00a0\u00bbnivo\u00a0\u00bb interval=\u00a0\u00bb0&Prime; images=\u00a0\u00bb8680,8295,8681&Prime; img_size=\u00a0\u00bb400X200&Prime;][vc_btn title=\u00a0\u00bb+ Info\u00a0\u00bb color=\u00a0\u00bbinverse\u00a0\u00bb align=\u00a0\u00bbcenter\u00a0\u00bb link=\u00a0\u00bburl:http%3A%2F%2Fpereroger.eu%2Frutes-2%2Fmiradors-de-la-comarca%2Fel-castell-de-lluca%2F||target:%20_blank|\u00a0\u00bb][\/vc_column][vc_column width=\u00a0\u00bb1\/3&Prime;][vc_column_text]<\/p>\n<h5 style=\"text-align: center;\">RIERA DE MERL\u00c8S<\/h5>\n<p>[\/vc_column_text][vc_gallery type=\u00a0\u00bbnivo\u00a0\u00bb interval=\u00a0\u00bb0&Prime; images=\u00a0\u00bb8649,8648,8647,8646,8644,8643,8642&Prime; img_size=\u00a0\u00bb400X200&Prime;][vc_btn title=\u00a0\u00bb+ Info\u00a0\u00bb color=\u00a0\u00bbinverse\u00a0\u00bb align=\u00a0\u00bbcenter\u00a0\u00bb link=\u00a0\u00bburl:http%3A%2F%2Fsantamariademerles.cat%2F||target:%20_blank|\u00a0\u00bb][\/vc_column][\/vc_row][vc_row][vc_column][vc_empty_space][\/vc_column][\/vc_row][vc_row full_width=\u00a0\u00bbstretch_row_content_no_spaces\u00a0\u00bb][vc_column width=\u00a0\u00bb1\/3&Prime;][vc_column_text]<\/p>\n<h5 style=\"text-align: center;\">LA RUTA DEL PANT\u00c0 DE GARET<\/h5>\n<p>[\/vc_column_text][vc_gallery type=\u00a0\u00bbnivo\u00a0\u00bb interval=\u00a0\u00bb0&Prime; images=\u00a0\u00bb8682,8296&Prime; img_size=\u00a0\u00bb400X200&Prime;][\/vc_column][vc_column width=\u00a0\u00bb1\/3&Prime;][vc_column_text]<\/p>\n<h5 style=\"text-align: center;\">DISSABTES DE MERCAT A VIC<\/h5>\n<p>[\/vc_column_text][vc_gallery type=\u00a0\u00bbnivo\u00a0\u00bb interval=\u00a0\u00bb0&Prime; images=\u00a0\u00bb8292&Prime; img_size=\u00a0\u00bb400X200&Prime;][vc_btn title=\u00a0\u00bb+ Info\u00a0\u00bb color=\u00a0\u00bbinverse\u00a0\u00bb align=\u00a0\u00bbcenter\u00a0\u00bb link=\u00a0\u00bburl:https%3A%2F%2Fwww.vic.cat%2F||target:%20_blank|\u00a0\u00bb][\/vc_column][vc_column width=\u00a0\u00bb1\/3&Prime;][vc_column_text]<\/p>\n<h5 style=\"text-align: center;\">LA RUTA DEL ROM\u00c0NIC AL LLU\u00c7AN\u00c8S<\/h5>\n<p>[\/vc_column_text][vc_gallery type=\u00a0\u00bbnivo\u00a0\u00bb interval=\u00a0\u00bb0&Prime; images=\u00a0\u00bb8293&Prime; img_size=\u00a0\u00bb400X200&Prime;][vc_btn title=\u00a0\u00bb+ Info\u00a0\u00bb color=\u00a0\u00bbinverse\u00a0\u00bb align=\u00a0\u00bbcenter\u00a0\u00bb link=\u00a0\u00bburl:http%3A%2F%2Fpereroger.eu%2Frutes-2%2Fruta-del-romanic-del-llucanes%2F||target:%20_blank|\u00a0\u00bb][\/vc_column][\/vc_row][vc_row][vc_column][vc_empty_space][\/vc_column][\/vc_row][vc_row full_width=\u00a0\u00bbstretch_row_content_no_spaces\u00a0\u00bb][vc_column width=\u00a0\u00bb1\/3&Prime;][vc_column_text]<\/p>\n<h5 style=\"text-align: center;\">LOURDES A PRATS DE LLU\u00c7AN\u00c8S<\/h5>\n<p>[\/vc_column_text][vc_gallery type=\u00a0\u00bbnivo\u00a0\u00bb interval=\u00a0\u00bb0&Prime; images=\u00a0\u00bb8677&Prime; img_size=\u00a0\u00bb400X200&Prime;][vc_btn title=\u00a0\u00bb+ Info\u00a0\u00bb color=\u00a0\u00bbinverse\u00a0\u00bb align=\u00a0\u00bbcenter\u00a0\u00bb link=\u00a0\u00bburl:https%3A%2F%2Fpratsdellucanes.cat%2Fturisme%2Fsenders-locals%2Fsantuari-de-lurdes%2F||target:%20_blank|\u00a0\u00bb][\/vc_column][vc_column width=\u00a0\u00bb1\/3&Prime;][vc_column_text]<\/p>\n<h5 style=\"text-align: center;\">MASIA CAMADOCA<\/h5>\n<p>[\/vc_column_text][vc_gallery type=\u00a0\u00bbnivo\u00a0\u00bb interval=\u00a0\u00bb0&Prime; images=\u00a0\u00bb8651&Prime; img_size=\u00a0\u00bb400X200&Prime;][vc_btn title=\u00a0\u00bb+ Info\u00a0\u00bb color=\u00a0\u00bbinverse\u00a0\u00bb align=\u00a0\u00bbcenter\u00a0\u00bb link=\u00a0\u00bburl:http%3A%2F%2Fwww.adeffa.cat%2F||target:%20_blank|\u00a0\u00bb][\/vc_column][vc_column width=\u00a0\u00bb1\/3&Prime;][vc_column_text]<\/p>\n<h5 style=\"text-align: center;\">EL SOLER DE N&rsquo;HUG<\/h5>\n<p>[\/vc_column_text][vc_gallery type=\u00a0\u00bbnivo\u00a0\u00bb interval=\u00a0\u00bb0&Prime; images=\u00a0\u00bb9944,9948,9952,9936,9940,9956&Prime; img_size=\u00a0\u00bb400X200&Prime;][vc_btn title=\u00a0\u00bb+ Info\u00a0\u00bb color=\u00a0\u00bbinverse\u00a0\u00bb align=\u00a0\u00bbcenter\u00a0\u00bb link=\u00a0\u00bburl:http%3A%2F%2Felsoler.cat%2F||target:%20_blank|\u00a0\u00bb][\/vc_column][\/vc_row][vc_row][vc_column][vc_empty_space][\/vc_column][\/vc_row][vc_row full_width=\u00a0\u00bbstretch_row_content_no_spaces\u00a0\u00bb][vc_column width=\u00a0\u00bb1\/3&Prime;][vc_column_text]<\/p>\n<h5 style=\"text-align: center;\">MAS GURUMBAU &#8211; GOLF | PITCH &amp; PUTT<\/h5>\n<p>[\/vc_column_text][vc_gallery type=\u00a0\u00bbnivo\u00a0\u00bb interval=\u00a0\u00bb0&Prime; images=\u00a0\u00bb9738&Prime; img_size=\u00a0\u00bb400X200&Prime;][vc_btn title=\u00a0\u00bbCatalogue\u00a0\u00bb color=\u00a0\u00bbinverse\u00a0\u00bb align=\u00a0\u00bbcenter\u00a0\u00bb link=\u00a0\u00bburl:http%3A%2F%2Fwww.lacugulada.com%2Fwp-content%2Fuploads%2F2023%2F02%2FIDIOMES-GURUMBAU.pdf||target:%20_blank|\u00a0\u00bb][\/vc_column][vc_column width=\u00a0\u00bb1\/3&Prime;][vc_column_text]<\/p>\n<h5 style=\"text-align: center;\">M\u00d3N SANT BENET<\/h5>\n<p>[\/vc_column_text][vc_gallery type=\u00a0\u00bbnivo\u00a0\u00bb interval=\u00a0\u00bb0&Prime; images=\u00a0\u00bb9746,9750,9754&Prime; img_size=\u00a0\u00bb400X200&Prime;][vc_btn title=\u00a0\u00bbWeb\u00a0\u00bb color=\u00a0\u00bbinverse\u00a0\u00bb align=\u00a0\u00bbcenter\u00a0\u00bb link=\u00a0\u00bburl:https%3A%2F%2Fmonstbenet.com%2Ffr%2F||target:%20_blank|\u00a0\u00bb][\/vc_column][vc_column width=\u00a0\u00bb1\/3&Prime;][vc_column_text]<\/p>\n<h5 style=\"text-align: center;\">ABADAL<\/h5>\n<p>[\/vc_column_text][vc_gallery type=\u00a0\u00bbnivo\u00a0\u00bb interval=\u00a0\u00bb0&Prime; images=\u00a0\u00bb9762,9766,9770,9774&Prime; img_size=\u00a0\u00bb400X200&Prime;][vc_btn title=\u00a0\u00bbCatalogue\u00a0\u00bb color=\u00a0\u00bbinverse\u00a0\u00bb align=\u00a0\u00bbcenter\u00a0\u00bb link=\u00a0\u00bburl:http%3A%2F%2Fwww.lacugulada.com%2Fwp-content%2Fuploads%2F2023%2F02%2FCat%C3%A0leg-enoturisme-Abadal.pdf||target:%20_blank|\u00a0\u00bb][vc_btn title=\u00a0\u00bbWeb\u00a0\u00bb color=\u00a0\u00bbinverse\u00a0\u00bb align=\u00a0\u00bbcenter\u00a0\u00bb link=\u00a0\u00bburl:https%3A%2F%2Fmonstbenet.com%2Ffr%2F||target:%20_blank|\u00a0\u00bb][\/vc_column][\/vc_row]<\/p>\n","protected":false},"excerpt":{"rendered":"<p>[vc_row][vc_column][pbr_title_heading title=\u00a0\u00bbEnvironnement\u00a0\u00bb subtitle2=\u00a0\u00bbD\u00e9couvrez notre environnement et tout ce que vous puvez faire\u00a0\u00bb][\/vc_column][\/vc_row][vc_row css=\u00a0\u00bb.vc_custom_1517371920451{padding-bottom: 50px !important;background-position: 0 0 !important;background-repeat: no-repeat !important;}\u00a0\u00bb][vc_column css=\u00a0\u00bb.vc_custom_1517372472105{margin-bottom: 30px !important;}\u00a0\u00bb offset=\u00a0\u00bbvc_col-lg-8 vc_col-md-12&Prime; el_class=\u00a0\u00bbpadding-right-100&Prime;][vc_column_text] Le Llu\u00e7an\u00e8s est une r\u00e9gion naturelle situ\u00e9e entre Osona, Bergud\u00e0 et Bages. Son emplacement privil\u00e9gi\u00e9, loin des principales voies de communication, lui a permis de maintenir pratiquement intact l&rsquo;esprit &hellip; <a href=\"https:\/\/www.lacugulada.com\/fr\/environement\/\" class=\"more-link\">Continue reading <span class=\"screen-reader-text\">Environement<\/span><span class=\"meta-nav\">&rarr;<\/span><\/a><\/p>\n","protected":false},"author":1,"featured_media":0,"parent":0,"menu_order":0,"comment_status":"closed","ping_status":"closed","template":"","meta":{"_monsterinsights_skip_tracking":false,"_monsterinsights_sitenote_active":false,"_monsterinsights_sitenote_note":"","_monsterinsights_sitenote_category":0},"_links":{"self":[{"href":"https:\/\/www.lacugulada.com\/fr\/wp-json\/wp\/v2\/pages\/9397"}],"collection":[{"href":"https:\/\/www.lacugulada.com\/fr\/wp-json\/wp\/v2\/pages"}],"about":[{"href":"https:\/\/www.lacugulada.com\/fr\/wp-json\/wp\/v2\/types\/page"}],"author":[{"embeddable":true,"href":"https:\/\/www.lacugulada.com\/fr\/wp-json\/wp\/v2\/users\/1"}],"replies":[{"embeddable":true,"href":"https:\/\/www.lacugulada.com\/fr\/wp-json\/wp\/v2\/comments?post=9397"}],"version-history":[{"count":6,"href":"https:\/\/www.lacugulada.com\/fr\/wp-json\/wp\/v2\/pages\/9397\/revisions"}],"predecessor-version":[{"id":9969,"href":"https:\/\/www.lacugulada.com\/fr\/wp-json\/wp\/v2\/pages\/9397\/revisions\/9969"}],"wp:attachment":[{"href":"https:\/\/www.lacugulada.com\/fr\/wp-json\/wp\/v2\/media?parent=9397"}],"curies":[{"name":"wp","href":"https:\/\/api.w.org\/{rel}","templated":true}]}}